{"id":4321,"date":"2016-01-19T14:03:09","date_gmt":"2016-01-19T14:03:09","guid":{"rendered":"https:\/\/www.omp-pignotti.com\/officina-meccanica-pignotti\/"},"modified":"2019-01-09T13:55:05","modified_gmt":"2019-01-09T13:55:05","slug":"officina-meccanica-pignotti","status":"publish","type":"page","link":"https:\/\/www.omp-pignotti.com\/es\/officina-meccanica-pignotti\/","title":{"rendered":"Empresa"},"content":{"rendered":"<div class=\"wpb-content-wrapper\"><p>[vc_row css=\u00bb.vc_custom_1460122496361{margin-bottom: 30px !important;}\u00bb][vc_column width=\u00bb1\/2&#8243;][vc_custom_heading text=\u00bbO.M.P. OFFICINA MECCANICA PIGNOTTI\u00bb use_theme_fonts=\u00bbyes\u00bb el_class=\u00bbtitle\u00bb][vc_empty_space height=\u00bb20px\u00bb][vc_column_text]Un edificio dedicado con una superficie total de m\u00e1s de 1.000 m2 donde se encuentra el taller mec\u00e1nico equipado.<\/p>\n<p>Un taller mec\u00e1nico interno proporciona la construcci\u00f3n y montaje de las l\u00edneas de proceso. Dotado con equipos para cada procesamiento mec\u00e1nico, especializado en el procesamiento de hierro y cada uno de sus derivados. En la empresa hay m\u00e1quinas de control num\u00e9rico (CNC) y manuales como tornos, fresadoras, sierras de cinta, adem\u00e1s del departamento de soldadura con empleados calificados y un \u00e1rea de pintura. El movimiento interno de la maquinaria se lleva a cabo de forma controlada por nuestro personal utilizando gr\u00faas puente.<\/p>\n<p>Cada proceso de producci\u00f3n es controlado directamente por los propietarios.<\/p>\n<p>Oficina de ventas con personal multiling\u00fce con un alto nivel de experiencia multidisciplinaria capaz de acompa\u00f1ar al cliente desde las primeras fases del estudio hasta el desarrollo del proyecto completo. Nuestros gerentes de \u00e1rea est\u00e1n siempre acompa\u00f1ados por asistentes competentes.<\/p>\n<p>\u00c1rea de compras, producci\u00f3n y gesti\u00f3n de contratos que procede con el desarrollo de los pedidos.<\/p>\n<p>\u00c1rea t\u00e9cnica. Un equipo de t\u00e9cnicos especializados se encarga del estudio de m\u00e1quinas innovadoras y de ingenier\u00eda. Nuestros dise\u00f1adores proporcionan el desarrollo de sistemas y el control de la realizaci\u00f3n.<\/p>\n<p>El boca a boca es nuestro mejor anuncio. La satisfacci\u00f3n y confianza que los clientes encuentran les permite compartir la experiencia de trabajar con nosotros. De hecho nos estamos especializando en trabajos terciarios y de intermediaci\u00f3n.[\/vc_column_text][\/vc_column][vc_column width=\u00bb1\/2&#8243;][vc_single_image image=\u00bb3726&#8243; img_size=\u00bbfull\u00bb][\/vc_column][\/vc_row][vc_row css=\u00bb.vc_custom_1460122436961{margin-bottom: 50px !important;}\u00bb][vc_column][vc_custom_heading text=\u00bbLA HISTORIA\u00bb use_theme_fonts=\u00bbyes\u00bb el_class=\u00bbtitle\u00bb][vc_empty_space height=\u00bb20px\u00bb]<div class=\"timeline\"><div class=\"timeline-item\"><div class=\"timeline-year\">1965<\/div><div class=\"timeline-content\"><h3 class=\"timeline-title\">Los inicios<\/h3><div class=\"timeline-text\">El O.M.P. Officina Meccanica Pignotti S.R.L., establecida en 1965 por el Sr. Pignotti Giorgio, fundador de O.M.P. Officina Meccanica Pignotti Giorgio, inicialmente se dedic\u00f3 a la producci\u00f3n de m\u00e1quinas y herramienta para la agricultura, y luego se especializ\u00f3 en el dise\u00f1o y la construcci\u00f3n de sistemas completos, semiautom\u00e1ticos y autom\u00e1ticos en el campo de las baldosas de grano para pavimentaci\u00f3n, productos de hormig\u00f3in, pavimentos industriales, materiale inertes, m\u00e1rmol y cer\u00e1mica.<\/div><\/div><\/div><div class=\"timeline-item\"><div class=\"timeline-year\">1978<\/div><div class=\"timeline-content\"><h3 class=\"timeline-title\">Primeros pasos con el extranjero<\/h3><div class=\"timeline-text\">La empresa comienza a participar en las ferias nacionales m\u00e1s importantes del sector e inmediatamente encuentra un gran inter\u00e9s en sus productos, comienza a dar sus primeros pasos con la exportaci\u00f3n de su propia marca.<\/div><\/div><\/div><div class=\"timeline-item\"><div class=\"timeline-year\">2002<\/div><div class=\"timeline-content\"><h3 class=\"timeline-title\">Expansi\u00f3n global<\/h3><div class=\"timeline-text\">Muy importante el a\u00f1o 2002 para la empresa que ve el cambio de titularidad. El Sr. Pignotti Giorgio, en edad de jubilaci\u00f3n, deja las riendas a sus hijos; Luigi, Luc\u00eda y Simone que transforman la compa\u00f1\u00eda en S.R.L y comienzan una estrecha colaboraci\u00f3n con el representante Sr. Balleggi Carlo, quien lleva exponencialmente a la compa\u00f1\u00eda a un aumento en las ventas al exterior.<\/div><\/div><\/div><div class=\"timeline-item\"><div class=\"timeline-year\">2006<\/div><div class=\"timeline-content\"><h3 class=\"timeline-title\">Confirmaci\u00f3n de una marca<\/h3><div class=\"timeline-text\">La confirmaci\u00f3n de la seriedad de la empresa no se hizo esperar, en 2006 exportan sus productos a Europa, Estados Unidos, \u00c1frica del Norte y Medio Oriente, donde comienzan a especializarse en la producci\u00f3n de sistemas completos para la depuraci\u00f3n de aguas residuales (plantas para el tratamiento de lodos con prensa de filtro) tanto en el sector donde ahora son conocidos, el de las baldosas, como en los sectores de m\u00e1rmol, granito e inerte.<\/div><\/div><\/div><div class=\"timeline-item\"><div class=\"timeline-year\">2015<\/div><div class=\"timeline-content\"><h3 class=\"timeline-title\">50 A\u00f1os<\/h3><div class=\"timeline-text\">Con esta ocasi\u00f3n, la empresa decide invertir en la expansi\u00f3n y modernizaci\u00f3n de oficinas creando un pavimento producido con m\u00e1quinas propias para mostrar a todos los visitantes la calidad del producto final.<\/div><\/div><\/div><div class=\"timeline-item\"><div class=\"timeline-year\"><\/div><div class=\"timeline-content\"><h3 class=\"timeline-title\">Hoy<\/h3><div class=\"timeline-text\">A medida que crece la solicitud, la O.M.P. ha aumentado el personal que intenta garantizar la plena satisfacci\u00f3n del cliente, especialmente al proporcionar un servicio de preventa, postventa y colaboraci\u00f3n para identificar con precisi\u00f3n las necesidades reales de los clientes.<br \/>\nLa gran experiencia de los socios en el sector y su presencia constante dentro de la empresa, son la garant\u00eda de contar con los mejores interlocutores desde un punto de vista t\u00e9cnico y comercial. Adem\u00e1s la empresa cuenta con empleados y t\u00e9cnicos calificados y, a lo largo de los a\u00f1os, se ha equipado de avanzadas tecnolog\u00edas de producci\u00f3n y sistemas de control de producci\u00f3n.<\/div><\/div><\/div><\/div>[\/vc_column][\/vc_row][vc_row full_width=\u00bbstretch_row\u00bb el_class=\u00bbno-bottom-padding-row\u00bb css=\u00bb.vc_custom_1510852971117{background-color: #eab400 !important;}\u00bb][vc_column css=\u00bb.vc_custom_1453297044468{padding-top: 0px !important;}\u00bb]<div class=\"download\"><div class='download-content text-uppercase' style='color: #ffffff'><i class='fa fa fa-file-pdf-o'><\/i> DESCARGUE EL NUEVO CAT\u00c1LOGO DE PRODUCTOS<\/div><a target='_self' href='\/wp-content\/uploads\/2017\/11\/OMP-Pignotti-2017-WEB.pdf' class='btn btn-md btn-dark btn-shadow'><i class='fa fa fa-cloud-download'><\/i> Descargue<\/a><\/div>[\/vc_column][\/vc_row]<\/p>\n<\/div>","protected":false},"excerpt":{"rendered":"<p>[vc_row css=\u00bb.vc_custom_1460122496361{margin-bottom: 30px !important;}\u00bb][vc_column width=\u00bb1\/2&#8243;][vc_custom_heading text=\u00bbO.M.P. OFFICINA MECCANICA PIGNOTTI\u00bb use_theme_fonts=\u00bbyes\u00bb el_class=\u00bbtitle\u00bb][vc_empty_space height=\u00bb20px\u00bb][vc_column_text]Un edificio dedicado con una superficie total de m\u00e1s de 1.000 m2 donde se encuentra el taller mec\u00e1nico equipado. Un taller mec\u00e1nico interno proporciona la construcci\u00f3n y montaje de &hellip;<\/p>\n","protected":false},"author":2,"featured_media":0,"parent":0,"menu_order":0,"comment_status":"closed","ping_status":"closed","template":"","meta":{"footnotes":""},"class_list":["post-4321","page","type-page","status-publish","hentry"],"_links":{"self":[{"href":"https:\/\/www.omp-pignotti.com\/es\/wp-json\/wp\/v2\/pages\/4321","targetHints":{"allow":["GET"]}}],"collection":[{"href":"https:\/\/www.omp-pignotti.com\/es\/wp-json\/wp\/v2\/pages"}],"about":[{"href":"https:\/\/www.omp-pignotti.com\/es\/wp-json\/wp\/v2\/types\/page"}],"author":[{"embeddable":true,"href":"https:\/\/www.omp-pignotti.com\/es\/wp-json\/wp\/v2\/users\/2"}],"replies":[{"embeddable":true,"href":"https:\/\/www.omp-pignotti.com\/es\/wp-json\/wp\/v2\/comments?post=4321"}],"version-history":[{"count":2,"href":"https:\/\/www.omp-pignotti.com\/es\/wp-json\/wp\/v2\/pages\/4321\/revisions"}],"predecessor-version":[{"id":4324,"href":"https:\/\/www.omp-pignotti.com\/es\/wp-json\/wp\/v2\/pages\/4321\/revisions\/4324"}],"wp:attachment":[{"href":"https:\/\/www.omp-pignotti.com\/es\/wp-json\/wp\/v2\/media?parent=4321"}],"curies":[{"name":"wp","href":"https:\/\/api.w.org\/{rel}","templated":true}]}}