{"id":4329,"date":"2016-01-20T13:53:48","date_gmt":"2016-01-20T13:53:48","guid":{"rendered":"https:\/\/www.omp-pignotti.com\/fiere-ed-eventi\/"},"modified":"2019-01-10T08:20:18","modified_gmt":"2019-01-10T08:20:18","slug":"ferias-y-eventos","status":"publish","type":"page","link":"https:\/\/www.omp-pignotti.com\/es\/ferias-y-eventos\/","title":{"rendered":"Ferias y eventos"},"content":{"rendered":"<div class=\"wpb-content-wrapper\"><p>[vc_row][vc_column]<div class='row anps-blog'><div class=\"col-md-4\">\n    <article id=\"post-4353\" class=\"post-4353 post type-post status-publish format-standard has-post-thumbnail hentry category-non-categorizzato\">\n        <header class=\"entry-header\">\n            <img loading=\"lazy\" decoding=\"async\" width=\"558\" height=\"372\" src=\"https:\/\/www.omp-pignotti.com\/wp-content\/uploads\/2017\/10\/Cachoeiro.jpg\" class=\"attachment-large size-large wp-post-image\" alt=\"\" srcset=\"https:\/\/www.omp-pignotti.com\/wp-content\/uploads\/2017\/10\/Cachoeiro.jpg 558w, https:\/\/www.omp-pignotti.com\/wp-content\/uploads\/2017\/10\/Cachoeiro-300x200.jpg 300w\" sizes=\"auto, (max-width: 558px) 100vw, 558px\" \/>            <a href=\"https:\/\/www.omp-pignotti.com\/es\/cachoeiro-stone-fair\/\"><h3 class=\"post-title entry-title text-uppercase\">Cachoeiro Stone Fair<\/h3><\/a>\n            <ul class='post-meta'><li>\n                <i class='fa fa-calendar'><\/i>\n                <time datetime='2017-11-13 05:48'>13 de noviembre de 2017<\/time>\n            <\/li><\/ul>        <\/header>\n        <div class=\"post-content entry-content\">\n            <div class=\"post-desc clearfix\">\n                <p>Visite la p\u00e1gina web:\u00a0<a href=\"http:\/\/www.cachoeirostonefair.com.br\/site\/2014\/pt\/home\" target=\"_blank\" rel=\"noopener\">www.cachoeirostonefair.com.br<\/a><\/p>\n            <\/div>\n            <a href=\"https:\/\/www.omp-pignotti.com\/es\/cachoeiro-stone-fair\/\" class=\"btn btn-md btn-gradient btn-shadow\">Read More<\/a>\n        <\/div>\n    <\/article>\n<\/div>\n<div class=\"col-md-4\">\n    <article id=\"post-4357\" class=\"post-4357 post type-post status-publish format-standard has-post-thumbnail hentry category-non-categorizzato\">\n        <header class=\"entry-header\">\n            <img loading=\"lazy\" decoding=\"async\" width=\"558\" height=\"372\" src=\"https:\/\/www.omp-pignotti.com\/wp-content\/uploads\/2017\/10\/the-big-five.jpg\" class=\"attachment-large size-large wp-post-image\" alt=\"\" srcset=\"https:\/\/www.omp-pignotti.com\/wp-content\/uploads\/2017\/10\/the-big-five.jpg 558w, https:\/\/www.omp-pignotti.com\/wp-content\/uploads\/2017\/10\/the-big-five-300x200.jpg 300w\" sizes=\"auto, (max-width: 558px) 100vw, 558px\" \/>            <a href=\"https:\/\/www.omp-pignotti.com\/es\/the-big-5\/\"><h3 class=\"post-title entry-title text-uppercase\">The Big 5<\/h3><\/a>\n            <ul class='post-meta'><li>\n                <i class='fa fa-calendar'><\/i>\n                <time datetime='2017-11-13 05:31'>13 de noviembre de 2017<\/time>\n            <\/li><\/ul>        <\/header>\n        <div class=\"post-content entry-content\">\n            <div class=\"post-desc clearfix\">\n                <p>Big 5 es la feria comercial de construcci\u00f3n m\u00e1s grande de Medio Oriente y sirve como plataforma para proveedores y compradores de productos de construcci\u00f3n desde 1979.<\/p>\n<p>Visite la p\u00e1gina:\u00a0<a href=\"http:\/\/www.thebig5.ae\/\" target=\"_blank\" rel=\"noopener\">www.thebig5.ae<\/a><\/p>\n            <\/div>\n            <a href=\"https:\/\/www.omp-pignotti.com\/es\/the-big-5\/\" class=\"btn btn-md btn-gradient btn-shadow\">Read More<\/a>\n        <\/div>\n    <\/article>\n<\/div>\n<div class=\"col-md-4\">\n    <article id=\"post-4359\" class=\"post-4359 post type-post status-publish format-standard has-post-thumbnail hentry category-non-categorizzato\">\n        <header class=\"entry-header\">\n            <img loading=\"lazy\" decoding=\"async\" width=\"558\" height=\"372\" src=\"https:\/\/www.omp-pignotti.com\/wp-content\/uploads\/2017\/10\/Vitoria.jpg\" class=\"attachment-large size-large wp-post-image\" alt=\"\" srcset=\"https:\/\/www.omp-pignotti.com\/wp-content\/uploads\/2017\/10\/Vitoria.jpg 558w, https:\/\/www.omp-pignotti.com\/wp-content\/uploads\/2017\/10\/Vitoria-300x200.jpg 300w\" sizes=\"auto, (max-width: 558px) 100vw, 558px\" \/>            <a href=\"https:\/\/www.omp-pignotti.com\/es\/vitoria-stone-fair\/\"><h3 class=\"post-title entry-title text-uppercase\">Vitoria Stone Fair<\/h3><\/a>\n            <ul class='post-meta'><li>\n                <i class='fa fa-calendar'><\/i>\n                <time datetime='2017-11-13 05:55'>13 de noviembre de 2017<\/time>\n            <\/li><\/ul>        <\/header>\n        <div class=\"post-content entry-content\">\n            <div class=\"post-desc clearfix\">\n                <p>Espirito Santo |\u00a0 Febrero<br \/>\nFeria\u00a0internacional de m\u00e1rmol y granito en Espirito Santo, Brasil.<\/p>\n<p>Visite la p\u00e1gina:\u00a0<a href=\"http:\/\/www.vitoriastonefair.com.br\/site\/2014\/en\/home \" target=\"_blank\" rel=\"noopener\">www.vitoriastonefair.com.br<\/a><\/p>\n            <\/div>\n            <a href=\"https:\/\/www.omp-pignotti.com\/es\/vitoria-stone-fair\/\" class=\"btn btn-md btn-gradient btn-shadow\">Read More<\/a>\n        <\/div>\n    <\/article>\n<\/div>\n<div class=\"col-md-4\">\n    <article id=\"post-4361\" class=\"post-4361 post type-post status-publish format-standard has-post-thumbnail hentry category-non-categorizzato\">\n        <header class=\"entry-header\">\n            <img loading=\"lazy\" decoding=\"async\" width=\"558\" height=\"372\" src=\"https:\/\/www.omp-pignotti.com\/wp-content\/uploads\/2017\/10\/Batimec.jpg\" class=\"attachment-large size-large wp-post-image\" alt=\"\" srcset=\"https:\/\/www.omp-pignotti.com\/wp-content\/uploads\/2017\/10\/Batimec.jpg 558w, https:\/\/www.omp-pignotti.com\/wp-content\/uploads\/2017\/10\/Batimec-300x200.jpg 300w\" sizes=\"auto, (max-width: 558px) 100vw, 558px\" \/>            <a href=\"https:\/\/www.omp-pignotti.com\/es\/batimatec-expo\/\"><h3 class=\"post-title entry-title text-uppercase\">Batimatec Expo<\/h3><\/a>\n            <ul class='post-meta'><li>\n                <i class='fa fa-calendar'><\/i>\n                <time datetime='2017-11-13 05:38'>13 de noviembre de 2017<\/time>\n            <\/li><\/ul>        <\/header>\n        <div class=\"post-content entry-content\">\n            <div class=\"post-desc clearfix\">\n                <p>Argel | Mayo<\/p>\n<p>Batimatec es la feria internacional de la construcci\u00f3n y sus materiales que se celebra cada a\u00f1o en Argel, Argelia.<\/p>\n<p>Visite la p\u00e1gina:\u00a0<a href=\"http:\/\/www.batimatecexpo.com\/index.php?option=com_content&amp;view=article&amp;id=51&amp;Itemid=88&amp;lang=en\" target=\"_blank\" rel=\"noopener\">www.batimatecexpo.com<\/a><\/p>\n            <\/div>\n            <a href=\"https:\/\/www.omp-pignotti.com\/es\/batimatec-expo\/\" class=\"btn btn-md btn-gradient btn-shadow\">Read More<\/a>\n        <\/div>\n    <\/article>\n<\/div>\n<div class=\"col-md-4\">\n    <article id=\"post-4363\" class=\"post-4363 post type-post status-publish format-standard has-post-thumbnail hentry category-non-categorizzato\">\n        <header class=\"entry-header\">\n            <img loading=\"lazy\" decoding=\"async\" width=\"558\" height=\"372\" src=\"https:\/\/www.omp-pignotti.com\/wp-content\/uploads\/2017\/10\/Marmotec.jpg\" class=\"attachment-large size-large wp-post-image\" alt=\"\" srcset=\"https:\/\/www.omp-pignotti.com\/wp-content\/uploads\/2017\/10\/Marmotec.jpg 558w, https:\/\/www.omp-pignotti.com\/wp-content\/uploads\/2017\/10\/Marmotec-300x200.jpg 300w\" sizes=\"auto, (max-width: 558px) 100vw, 558px\" \/>            <a href=\"https:\/\/www.omp-pignotti.com\/es\/marmotec\/\"><h3 class=\"post-title entry-title text-uppercase\">Marmotec<\/h3><\/a>\n            <ul class='post-meta'><li>\n                <i class='fa fa-calendar'><\/i>\n                <time datetime='2017-11-13 05:50'>13 de noviembre de 2017<\/time>\n            <\/li><\/ul>        <\/header>\n        <div class=\"post-content entry-content\">\n            <div class=\"post-desc clearfix\">\n                <p>Carrara | Junio<br \/>\nMarmotec abarca todo el mundo del m\u00e1rmol, la tecnolog\u00eda y el dise\u00f1o bajo un mismo techo.<\/p>\n<p>Visite la p\u00e1gina:\u00a0<a href=\"http:\/\/www.carraramarmotec.com\/it\/index.asp\" target=\"_blank\" rel=\"noopener\">www.carraramarmotec.com<\/a><\/p>\n            <\/div>\n            <a href=\"https:\/\/www.omp-pignotti.com\/es\/marmotec\/\" class=\"btn btn-md btn-gradient btn-shadow\">Read More<\/a>\n        <\/div>\n    <\/article>\n<\/div>\n<div class=\"col-md-4\">\n    <article id=\"post-4365\" class=\"post-4365 post type-post status-publish format-standard has-post-thumbnail hentry category-non-categorizzato\">\n        <header class=\"entry-header\">\n            <img loading=\"lazy\" decoding=\"async\" width=\"558\" height=\"372\" src=\"https:\/\/www.omp-pignotti.com\/wp-content\/uploads\/2017\/10\/Cersaie.jpg\" class=\"attachment-large size-large wp-post-image\" alt=\"\" srcset=\"https:\/\/www.omp-pignotti.com\/wp-content\/uploads\/2017\/10\/Cersaie.jpg 558w, https:\/\/www.omp-pignotti.com\/wp-content\/uploads\/2017\/10\/Cersaie-300x200.jpg 300w\" sizes=\"auto, (max-width: 558px) 100vw, 558px\" \/>            <a href=\"https:\/\/www.omp-pignotti.com\/es\/cersaie\/\"><h3 class=\"post-title entry-title text-uppercase\">Cersaie<\/h3><\/a>\n            <ul class='post-meta'><li>\n                <i class='fa fa-calendar'><\/i>\n                <time datetime='2017-11-13 05:35'>13 de noviembre de 2017<\/time>\n            <\/li><\/ul>        <\/header>\n        <div class=\"post-content entry-content\">\n            <div class=\"post-desc clearfix\">\n                <p>Bolo\u00f1a | Septiembre &#8211; octubre<br \/>\nCersaie es la feria internacional de la cer\u00e1mica para la arquitectura y decoraci\u00f3n de ba\u00f1os.<\/p>\n<p>Visite la p\u00e1gina:\u00a0<a href=\"http:\/\/www.cersaie.it\/it\/index.php\" target=\"_blank\" rel=\"noopener\">www.cersaie.it<\/a><\/p>\n            <\/div>\n            <a href=\"https:\/\/www.omp-pignotti.com\/es\/cersaie\/\" class=\"btn btn-md btn-gradient btn-shadow\">Read More<\/a>\n        <\/div>\n    <\/article>\n<\/div>\n<div class=\"col-md-4\">\n    <article id=\"post-4367\" class=\"post-4367 post type-post status-publish format-standard has-post-thumbnail hentry category-non-categorizzato\">\n        <header class=\"entry-header\">\n            <img loading=\"lazy\" decoding=\"async\" width=\"558\" height=\"372\" src=\"https:\/\/www.omp-pignotti.com\/wp-content\/uploads\/2017\/10\/MarmoMac.jpg\" class=\"attachment-large size-large wp-post-image\" alt=\"\" srcset=\"https:\/\/www.omp-pignotti.com\/wp-content\/uploads\/2017\/10\/MarmoMac.jpg 558w, https:\/\/www.omp-pignotti.com\/wp-content\/uploads\/2017\/10\/MarmoMac-300x200.jpg 300w\" sizes=\"auto, (max-width: 558px) 100vw, 558px\" \/>            <a href=\"https:\/\/www.omp-pignotti.com\/es\/marmomacc\/\"><h3 class=\"post-title entry-title text-uppercase\">Marmomacc<\/h3><\/a>\n            <ul class='post-meta'><li>\n                <i class='fa fa-calendar'><\/i>\n                <time datetime='2017-09-21 03:16'>21 de septiembre de 2017<\/time>\n            <\/li><\/ul>        <\/header>\n        <div class=\"post-content entry-content\">\n            <div class=\"post-desc clearfix\">\n                <p>Verona | Septiembre &#8211; octubre<br \/>\nMarmomacc es un evento ineludible para operadores en el sector de la piedra de m\u00e1rmol, desde maquinaria hasta productos instrumentales, desde bloques de piedra hasta los procesos m\u00e1s complejos.<\/p>\n<p>Visite la p\u00e1gina:\u00a0<a href=\"http:\/\/www.marmomacc.com\/it\/\">www.marmomacc.com<\/a><\/p>\n            <\/div>\n            <a href=\"https:\/\/www.omp-pignotti.com\/es\/marmomacc\/\" class=\"btn btn-md btn-gradient btn-shadow\">Read More<\/a>\n        <\/div>\n    <\/article>\n<\/div>\n<div class=\"col-md-4\">\n    <article id=\"post-4369\" class=\"post-4369 post type-post status-publish format-standard has-post-thumbnail hentry category-non-categorizzato\">\n        <header class=\"entry-header\">\n            <img loading=\"lazy\" decoding=\"async\" width=\"558\" height=\"372\" src=\"https:\/\/www.omp-pignotti.com\/wp-content\/uploads\/2017\/10\/SamoTer-1.jpg\" class=\"attachment-large size-large wp-post-image\" alt=\"\" srcset=\"https:\/\/www.omp-pignotti.com\/wp-content\/uploads\/2017\/10\/SamoTer-1.jpg 558w, https:\/\/www.omp-pignotti.com\/wp-content\/uploads\/2017\/10\/SamoTer-1-300x200.jpg 300w\" sizes=\"auto, (max-width: 558px) 100vw, 558px\" \/>            <a href=\"https:\/\/www.omp-pignotti.com\/es\/samoter-salone-internazionale-triennale-macchine-movimento-terra-da-cantiere-e-per-ledilizia\/\"><h3 class=\"post-title entry-title text-uppercase\">SaMoTer<\/h3><\/a>\n            <ul class='post-meta'><li>\n                <i class='fa fa-calendar'><\/i>\n                <time datetime='2017-02-19 08:19'>19 de febrero de 2017<\/time>\n            <\/li><\/ul>        <\/header>\n        <div class=\"post-content entry-content\">\n            <div class=\"post-desc clearfix\">\n                <p>Verona | Febrero<br \/>\nSaMoTer es la feria internacional de maquinaria de movimiento de tierras, obras y construcci\u00f3n que tiene lugar en Verona cada tres a\u00f1os.<\/p>\n<p>Visite la p\u00e1gina:\u00a0<a href=\"http:\/\/www.samoter.com\/#\" target=\"_blank\" rel=\"noopener\">www.samoter.com<\/a><\/p>\n            <\/div>\n            <a href=\"https:\/\/www.omp-pignotti.com\/es\/samoter-salone-internazionale-triennale-macchine-movimento-terra-da-cantiere-e-per-ledilizia\/\" class=\"btn btn-md btn-gradient btn-shadow\">Read More<\/a>\n        <\/div>\n    <\/article>\n<\/div>\n<\/div>[\/vc_column][\/vc_row][vc_row][vc_column][vc_raw_html]JTNDc3R5bGUlM0UlMEEuYnRuJTdCZGlzcGxheSUzQW5vbmUlM0IlN0QlMEElM0MlMkZzdHlsZSUzRQ==[\/vc_raw_html][\/vc_column][\/vc_row]<\/p>\n<\/div>","protected":false},"excerpt":{"rendered":"<p>[vc_row][vc_column][\/vc_column][\/vc_row][vc_row][vc_column][vc_raw_html]JTNDc3R5bGUlM0UlMEEuYnRuJTdCZGlzcGxheSUzQW5vbmUlM0IlN0QlMEElM0MlMkZzdHlsZSUzRQ==[\/vc_raw_html][\/vc_column][\/vc_row]<\/p>\n","protected":false},"author":2,"featured_media":0,"parent":0,"menu_order":0,"comment_status":"closed","ping_status":"closed","template":"","meta":{"footnotes":""},"class_list":["post-4329","page","type-page","status-publish","hentry"],"_links":{"self":[{"href":"https:\/\/www.omp-pignotti.com\/es\/wp-json\/wp\/v2\/pages\/4329","targetHints":{"allow":["GET"]}}],"collection":[{"href":"https:\/\/www.omp-pignotti.com\/es\/wp-json\/wp\/v2\/pages"}],"about":[{"href":"https:\/\/www.omp-pignotti.com\/es\/wp-json\/wp\/v2\/types\/page"}],"author":[{"embeddable":true,"href":"https:\/\/www.omp-pignotti.com\/es\/wp-json\/wp\/v2\/users\/2"}],"replies":[{"embeddable":true,"href":"https:\/\/www.omp-pignotti.com\/es\/wp-json\/wp\/v2\/comments?post=4329"}],"version-history":[{"count":2,"href":"https:\/\/www.omp-pignotti.com\/es\/wp-json\/wp\/v2\/pages\/4329\/revisions"}],"predecessor-version":[{"id":4331,"href":"https:\/\/www.omp-pignotti.com\/es\/wp-json\/wp\/v2\/pages\/4329\/revisions\/4331"}],"wp:attachment":[{"href":"https:\/\/www.omp-pignotti.com\/es\/wp-json\/wp\/v2\/media?parent=4329"}],"curies":[{"name":"wp","href":"https:\/\/api.w.org\/{rel}","templated":true}]}}