{"id":4334,"date":"2016-01-19T14:52:43","date_gmt":"2016-01-19T14:52:43","guid":{"rendered":"https:\/\/www.omp-pignotti.com\/realizzazione-macchinari\/"},"modified":"2019-01-11T14:35:07","modified_gmt":"2019-01-11T14:35:07","slug":"maquinaria","status":"publish","type":"page","link":"https:\/\/www.omp-pignotti.com\/es\/maquinaria\/","title":{"rendered":"Maquinaria"},"content":{"rendered":"<div class=\"wpb-content-wrapper\"><p>[vc_row][vc_column][vc_custom_heading text=\u00bbConstrucci\u00f3n de plantas y maquinaria.\u00bb use_theme_fonts=\u00bbyes\u00bb el_class=\u00bbtitle\u00bb][vc_empty_space height=\u00bb20px\u00bb][vc_column_text]<\/p>\n<p>OMP trabaja en este campo desde 1965. La fuerza de la compa\u00f1\u00eda se basa en una larga y rica experiencia, respaldada por herramientas de dise\u00f1o muy avanzadas utilizadas tanto para el dise\u00f1o de componentes mec\u00e1nicos como para la ingenier\u00eda de l\u00edneas completas.<\/p>\n<p>Con nuestra experiencia y t\u00e9cnica, somo siempre capaces de dar respuestas espec\u00edficas a cada necesidad de nuestros clientes, brindando soluciones para cada necesidad.<\/p>\n<p>Estamos comprometidos a poner en el mercado productos y soluciones de calidad, extremadamente de confianza a lo largo de los a\u00f1os, con una larga vida \u00fatil y con poco mantenimiento, ofreciendo un servicio excelente y estableciendo una relaci\u00f3n cercana con el cliente.[\/vc_column_text][\/vc_column][\/vc_row][vc_row css=\u00bb.vc_custom_1453287409122{margin-bottom: 40px !important;}\u00bb][vc_column width=\u00bb1\/2&#8243;]<div class='featured featured-has-link featured-has-icon featured-has-content'><div class='featured-header'><a target='_self' href='\/es\/maquinaria\/plantas-de-produccion-de-baldosas\/'><img alt='Plantas de producci\u00f3n de baldosas' src='https:\/\/www.omp-pignotti.com\/wp-content\/uploads\/2016\/01\/Impianti-di-produzione-mattonelle-OMP-Pignotti-Impianti.jpg'\/><\/a><\/div><div class='featured-content'><h3 class='featured-title text-uppercase'><a target='_self' href='\/es\/maquinaria\/plantas-de-produccion-de-baldosas\/'><i class='fa fa-industry'><\/i>Plantas de producci\u00f3n de baldosas<\/a><\/h3><p class='featured-desc'>La OMP se dedica a la producci\u00f3n de sistemas y accesorios para la producci\u00f3n de baldosas de grano y cemento, as\u00ed como baldosas fundidas y baldosas vibradas &#8230;<\/p><a class='btn btn-md btn-minimal' target='_self' href='\/es\/maquinaria\/plantas-de-produccion-de-baldosas\/'>Ver la maquinaria<\/a><\/div><\/div>[\/vc_column][vc_column width=\u00bb1\/2&#8243;]<div class='featured featured-has-link featured-has-icon featured-has-content'><div class='featured-header'><a target='_self' href='\/es\/maquinaria\/plantas-de-depuracion-de-agua\/'><img alt='Depuraci\u00f3n de agua y filtro prensa' src='https:\/\/www.omp-pignotti.com\/wp-content\/uploads\/2016\/01\/Marmomeccanica-e-depurazione-acque-OMP-Pignotti-Impianti.jpg'\/><\/a><\/div><div class='featured-content'><h3 class='featured-title text-uppercase'><a target='_self' href='\/es\/maquinaria\/plantas-de-depuracion-de-agua\/'><i class='fa fa-tint'><\/i>Depuraci\u00f3n de agua y filtro prensa<\/a><\/h3><p class='featured-desc'>Desde el dise\u00f1o hasta la construcci\u00f3n de plantas completas de depuraci\u00f3n y filtraci\u00f3n, al lado de los clientes buscando la plena satisfacci\u00f3n &#8230;<\/p><a class='btn btn-md btn-minimal' target='_self' href='\/es\/maquinaria\/plantas-de-depuracion-de-agua\/'>Ver la maquinaria<\/a><\/div><\/div>[\/vc_column][\/vc_row][vc_row full_width=\u00bbstretch_row\u00bb css=\u00bb.vc_custom_1505990821386{background-color: #eab400 !important;}\u00bb][vc_column css=\u00bb.vc_custom_1453295795563{padding-top: 0px !important;}\u00bb][vc_empty_space height=\u00bb10px\u00bb]<div class=\"download\"><div class='download-content text-uppercase' style='color: #fff'><i class='fa fa fa-file-pdf-o'><\/i> DESCARGUE EL NUOVO CAT\u00c1LOGO DE PRODUCTOS<\/div><a target='_self' href='https:\/\/www.omp-pignotti.com\/wp-content\/uploads\/2017\/09\/pignotti-3-ante-web.pdf' class='btn btn-md btn-dark btn-shadow'><i class='fa fa fa-cloud-download'><\/i> Descargue<\/a><\/div>[\/vc_column][\/vc_row]<\/p>\n<\/div>","protected":false},"excerpt":{"rendered":"<p>[vc_row][vc_column][vc_custom_heading text=\u00bbConstrucci\u00f3n de plantas y maquinaria.\u00bb use_theme_fonts=\u00bbyes\u00bb el_class=\u00bbtitle\u00bb][vc_empty_space height=\u00bb20px\u00bb][vc_column_text] OMP trabaja en este campo desde 1965. La fuerza de la compa\u00f1\u00eda se basa en una larga y rica experiencia, respaldada por herramientas de dise\u00f1o muy avanzadas utilizadas tanto para el &hellip;<\/p>\n","protected":false},"author":2,"featured_media":0,"parent":0,"menu_order":0,"comment_status":"closed","ping_status":"closed","template":"","meta":{"footnotes":""},"class_list":["post-4334","page","type-page","status-publish","hentry"],"_links":{"self":[{"href":"https:\/\/www.omp-pignotti.com\/es\/wp-json\/wp\/v2\/pages\/4334","targetHints":{"allow":["GET"]}}],"collection":[{"href":"https:\/\/www.omp-pignotti.com\/es\/wp-json\/wp\/v2\/pages"}],"about":[{"href":"https:\/\/www.omp-pignotti.com\/es\/wp-json\/wp\/v2\/types\/page"}],"author":[{"embeddable":true,"href":"https:\/\/www.omp-pignotti.com\/es\/wp-json\/wp\/v2\/users\/2"}],"replies":[{"embeddable":true,"href":"https:\/\/www.omp-pignotti.com\/es\/wp-json\/wp\/v2\/comments?post=4334"}],"version-history":[{"count":8,"href":"https:\/\/www.omp-pignotti.com\/es\/wp-json\/wp\/v2\/pages\/4334\/revisions"}],"predecessor-version":[{"id":4428,"href":"https:\/\/www.omp-pignotti.com\/es\/wp-json\/wp\/v2\/pages\/4334\/revisions\/4428"}],"wp:attachment":[{"href":"https:\/\/www.omp-pignotti.com\/es\/wp-json\/wp\/v2\/media?parent=4334"}],"curies":[{"name":"wp","href":"https:\/\/api.w.org\/{rel}","templated":true}]}}