{"id":4338,"date":"2016-01-19T15:44:38","date_gmt":"2016-01-19T15:44:38","guid":{"rendered":"https:\/\/www.omp-pignotti.com\/maquinaria\/impianti-per-depurazione-acque-e-marmomeccanica\/"},"modified":"2019-01-14T10:37:10","modified_gmt":"2019-01-14T10:37:10","slug":"plantas-de-depuracion-de-agua","status":"publish","type":"page","link":"https:\/\/www.omp-pignotti.com\/es\/maquinaria\/plantas-de-depuracion-de-agua\/","title":{"rendered":"Plantas de depuraci\u00f3n de agua"},"content":{"rendered":"<div class=\"wpb-content-wrapper\"><p>[vc_row][vc_column][vc_custom_heading text=\u00bbPlantas de depuraci\u00f3n de agua\u00bb use_theme_fonts=\u00bbyes\u00bb el_class=\u00bbtitle\u00bb][vc_empty_space height=\u00bb15&#8243;][\/vc_column][\/vc_row][vc_row][vc_column width=\u00bb1\/2&#8243;][vc_video link=\u00bbhttps:\/\/www.youtube.com\/watch?v=BaKSO1swmpw\u00bb][\/vc_column][vc_column width=\u00bb1\/2&#8243;][vc_column_text]Desde el dise\u00f1o hasta la construcci\u00f3n de plantas completas de <strong>depuraci\u00f3n y filtraci\u00f3n<\/strong>, al lado de los clientes buscando la plena satisfacci\u00f3n.<\/p>\n<p>Hay muchos campos de aplicaci\u00f3n para la <strong>filtro prensa<\/strong>, incluidos sectores como los inertes, <strong>la cer\u00e1mica, el vidrio, el m\u00e1rmol y el granito<\/strong>.[\/vc_column_text][\/vc_column][\/vc_row][vc_row][vc_column width=\u00bb2\/3&#8243;][vc_custom_heading text=\u00bbEsquema de planta de tratamiento de agua\u00bb use_theme_fonts=\u00bbyes\u00bb el_class=\u00bbtitle\u00bb][vc_single_image image=\u00bb4112&#8243; img_size=\u00bblarge\u00bb][\/vc_column][vc_column width=\u00bb1\/3&#8243;][vc_custom_heading text=\u00bbLegenda\u00bb font_container=\u00bbtag:h3|text_align:left\u00bb use_theme_fonts=\u00bbyes\u00bb el_class=\u00bbtitle\u00bb][vc_column_text]<\/p>\n<ul>\n<li>1 Clarifier feeding pump<\/li>\n<li>2 Clarifier feeding pipeline<\/li>\n<li>3 Clarifier<\/li>\n<li>4 Flocculant automatic unit \/ or manual<\/li>\n<li>5 Flocculant dosing pump &amp; pipeline<\/li>\n<li>6 Sludge discharge valves unit<\/li>\n<li>7\u00a0Sludge homogenizer<\/li>\n<li>8 Filterpress feeding pump<\/li>\n<li>9 Filterpress feeding pipeline<\/li>\n<li>10 Filterpress<\/li>\n<li>11 Electrical board<\/li>\n<li>12 Collection drip tray<\/li>\n<li>13 Clean water tank<\/li>\n<li>14\u00a0Clean water tank discharge valves<\/li>\n<li>15 Clean water booster system<\/li>\n<li>16 Coagulant unit<\/li>\n<li>17\u00a0Filterpress perimetral railing &amp; walkaway<\/li>\n<li>18\u00a0Filterpress Platform structure<\/li>\n<li>19\u00a0Filterpress access stairs<\/li>\n<\/ul>\n<p>[\/vc_column_text][\/vc_column][\/vc_row][vc_row][vc_column][vc_custom_heading text=\u00bbFiltro Prensa\u00bb use_theme_fonts=\u00bbyes\u00bb el_class=\u00bbtitle\u00bb][\/vc_column][\/vc_row][vc_row][vc_column width=\u00bb1\/4&#8243;]<div class='featured featured-has-link featured-has-icon simple-style'><div class='featured-header'><a target='_self' href='\/es\/macchinari\/filtro-prensa-fp-1000\/'><img alt='FP 1000' src='https:\/\/www.omp-pignotti.com\/wp-content\/uploads\/2016\/01\/01-Filtro-Pressa-FP-10001-659x368.jpg'\/><\/a><\/div><div class='featured-content'><h3 class='featured-title text-uppercase'><a target='_self' href='\/es\/macchinari\/filtro-prensa-fp-1000\/'><i class='fa fa-tint'><\/i>FP 1000<\/a><\/h3><a class='btn btn-md btn-minimal' target='_self' href='\/es\/macchinari\/filtro-prensa-fp-1000\/'>Ver<\/a><\/div><\/div>[\/vc_column][vc_column width=\u00bb1\/4&#8243;]<div class='featured featured-has-link featured-has-icon simple-style'><div class='featured-header'><a target='_self' href='\/es\/macchinari\/filtro-prensa-fp-800\/'><img alt='FP 800' src='https:\/\/www.omp-pignotti.com\/wp-content\/uploads\/2016\/01\/02-Filtro-Pressa-FP-800-659x368.jpg'\/><\/a><\/div><div class='featured-content'><h3 class='featured-title text-uppercase'><a target='_self' href='\/es\/macchinari\/filtro-prensa-fp-800\/'><i class='fa fa-tint'><\/i>FP 800<\/a><\/h3><a class='btn btn-md btn-minimal' target='_self' href='\/es\/macchinari\/filtro-prensa-fp-800\/'>Ver<\/a><\/div><\/div>[\/vc_column][vc_column width=\u00bb1\/4&#8243;]<div class='featured featured-has-link featured-has-icon simple-style'><div class='featured-header'><a target='_self' href='\/es\/macchinari\/filtro-prensa-fp-630\/ '><img alt='FP 630' src='https:\/\/www.omp-pignotti.com\/wp-content\/uploads\/2016\/01\/03-Filtro-Pressa-FP-6301-659x368.jpg'\/><\/a><\/div><div class='featured-content'><h3 class='featured-title text-uppercase'><a target='_self' href='\/es\/macchinari\/filtro-prensa-fp-630\/ '><i class='fa fa-tint'><\/i>FP 630<\/a><\/h3><a class='btn btn-md btn-minimal' target='_self' href='\/es\/macchinari\/filtro-prensa-fp-630\/ '>Ver<\/a><\/div><\/div>[\/vc_column][vc_column width=\u00bb1\/4&#8243;]<div class='featured featured-has-link featured-has-icon simple-style'><div class='featured-header'><a target='_self' href='\/es\/macchinari\/filtro-prensa-fp-500\/'><img alt='FP 500' src='https:\/\/www.omp-pignotti.com\/wp-content\/uploads\/2017\/09\/FP-500-OMP-659x368.jpg'\/><\/a><\/div><div class='featured-content'><h3 class='featured-title text-uppercase'><a target='_self' href='\/es\/macchinari\/filtro-prensa-fp-500\/'><i class='fa fa-tint'><\/i>FP 500<\/a><\/h3><a class='btn btn-md btn-minimal' target='_self' href='\/es\/macchinari\/filtro-prensa-fp-500\/'>Ver<\/a><\/div><\/div>[\/vc_column][\/vc_row][vc_row][vc_column][vc_empty_space height=\u00bb35&#8243;][\/vc_column][\/vc_row][vc_row][vc_column][vc_custom_heading text=\u00bbPlantas de sacos Big Bag\u00bb use_theme_fonts=\u00bbyes\u00bb el_class=\u00bbtitle\u00bb][vc_column_text]En los laboratorios donde la planta de filtro prensa ser\u00eda demasiado grande, O.M.P. ofrece <strong>el sistema de bolsas como soluci\u00f3n<\/strong>. Una alternativa v\u00e1lida para la depuraci\u00f3n de aguas residuales y lodo con<strong> capacidad de hasta 600 litros por minuto<\/strong>, manteniendo la misma calidad del sistema con el filtro prensa.<br \/>\n<strong>Las plantas con Big-Bag<\/strong> son, en t\u00e9rminos de funcionamiento, iguales a los sistemas cl\u00e1sicos m\u00e1s grandes, con la \u00fanica diferencia de que el lodo, una vez sedimentado dentro de los silos, se canaliza hacia una bolsa filtrante (dimensiones 90x90x120 cm) colocada en un bastidor de hierro galvanizado especialmente fabricado.<br \/>\nUna bolsa tiene una capacidad de aproximadamente 1000 kg de lodo y la capacidad de producci\u00f3n est\u00e1 vinculada al tiempo de sedimentaci\u00f3n del lodo, para aumentar la velocidad <strong>se puede combinar con la unidad de control de floculante.<\/strong>[\/vc_column_text][\/vc_column][\/vc_row][vc_row][vc_column width=\u00bb2\/3&#8243;][vc_custom_heading text=\u00bbEsquema de planta de saco\u00bb use_theme_fonts=\u00bbyes\u00bb el_class=\u00bbtitle\u00bb]<div class=\"gallery-fs\"><figure><img decoding=\"async\" src=\"https:\/\/www.omp-pignotti.com\/wp-content\/uploads\/2016\/01\/Impianto-a-sacco-schema.jpg\" alt=\"Schema impianto a sacco\"><figcaption>Schema impianto a sacco<\/figcaption><\/figure><div class=\"gallery-fs-nav\"><button class=\"gallery-fs-fullscreen\"><i class=\"fa fa-arrows-alt\"><\/i><\/button><\/div><div class=\"gallery-fs-thumbnails gallery-fs-thumbnails-col-5 owl-carousel\"><a href='https:\/\/www.omp-pignotti.com\/wp-content\/uploads\/2016\/01\/Impianto-a-sacco-schema.jpg' data-caption='Schema impianto a sacco' title='Schema impianto a sacco' class=\"selected\"><img loading=\"lazy\" decoding=\"async\" width=\"280\" height=\"210\" src=\"https:\/\/www.omp-pignotti.com\/wp-content\/uploads\/2016\/01\/Impianto-a-sacco-schema-280x210.jpg\" class=\"attachment-anps-gallery-thumb size-anps-gallery-thumb\" alt=\"Schema impianto a sacco\" \/><\/a><a href='https:\/\/www.omp-pignotti.com\/wp-content\/uploads\/2016\/01\/Impianto-a-sacco-3.jpeg' data-caption='Impianto a sacco' title='Impianto a sacco'><img loading=\"lazy\" decoding=\"async\" width=\"280\" height=\"210\" src=\"https:\/\/www.omp-pignotti.com\/wp-content\/uploads\/2016\/01\/Impianto-a-sacco-3-280x210.jpeg\" class=\"attachment-anps-gallery-thumb size-anps-gallery-thumb\" alt=\"Impianto a sacco\" \/><\/a><a href='https:\/\/www.omp-pignotti.com\/wp-content\/uploads\/2016\/01\/Impianto-a-sacco-2-e1555411148899.jpeg' data-caption='Impianto a sacco' title='Impianto a sacco'><img loading=\"lazy\" decoding=\"async\" width=\"280\" height=\"210\" src=\"https:\/\/www.omp-pignotti.com\/wp-content\/uploads\/2016\/01\/Impianto-a-sacco-2-e1555411148899-280x210.jpeg\" class=\"attachment-anps-gallery-thumb size-anps-gallery-thumb\" alt=\"Impianto a sacco\" \/><\/a><a href='https:\/\/www.omp-pignotti.com\/wp-content\/uploads\/2016\/01\/Big-bag-Water-Treatment-Plants-OMP-Pignotti.jpg' data-caption='Carrara (Italia) - Impianto di depurazione acque a sacco' title='Carrara (Italia) &#8211; Impianto di depurazione acque a sacco'><img loading=\"lazy\" decoding=\"async\" width=\"280\" height=\"210\" src=\"https:\/\/www.omp-pignotti.com\/wp-content\/uploads\/2016\/01\/Big-bag-Water-Treatment-Plants-OMP-Pignotti-280x210.jpg\" class=\"attachment-anps-gallery-thumb size-anps-gallery-thumb\" alt=\"Carrara (Italia) - Impianto di depurazione acque a sacco\" \/><\/a><\/div><\/div>[\/vc_column][vc_column width=\u00bb1\/3&#8243;][vc_custom_heading text=\u00bbLeyenda\u00bb font_container=\u00bbtag:h3|text_align:left\u00bb use_theme_fonts=\u00bbyes\u00bb el_class=\u00bbtitle\u00bb][vc_column_text]<\/p>\n<ul>\n<li>1 Clarifier feeding pipeline<\/li>\n<li>2 Big-Bag Sac<\/li>\n<li>3 Sludge discharge<\/li>\n<li>4 Big-Bag structure<\/li>\n<li>5 Clarifier<\/li>\n<li>6 Clarifier feeding pump<\/li>\n<li>7 Flocculant automatic unit \/ or manual<\/li>\n<li>8 Electrical board<\/li>\n<\/ul>\n<p>[\/vc_column_text][\/vc_column][\/vc_row][vc_row][vc_column][vc_empty_space height=\u00bb15&#8243;][\/vc_column][\/vc_row][vc_row full_width=\u00bbstretch_row\u00bb el_class=\u00bbno-bottom-padding-row\u00bb css=\u00bb.vc_custom_1510853056931{background-color: #eab400 !important;}\u00bb][vc_column css=\u00bb.vc_custom_1453297044468{padding-top: 0px !important;}\u00bb]<div class=\"download\"><div class='download-content text-uppercase' style='color: #ffffff'><i class='fa fa fa-file-pdf-o'><\/i> DESCARGUE EL NUEVO CAT\u00c1LOGO DE PRODUCTOS<\/div><a target='_self' href='\/wp-content\/uploads\/2017\/11\/OMP-Pignotti-2017-WEB.pdf' class='btn btn-md btn-dark btn-shadow'><i class='fa fa fa-cloud-download'><\/i> Scarica<\/a><\/div>[\/vc_column][\/vc_row]<\/p>\n<\/div>","protected":false},"excerpt":{"rendered":"<p>[vc_row][vc_column][vc_custom_heading text=\u00bbPlantas de depuraci\u00f3n de agua\u00bb use_theme_fonts=\u00bbyes\u00bb el_class=\u00bbtitle\u00bb][vc_empty_space height=\u00bb15&#8243;][\/vc_column][\/vc_row][vc_row][vc_column width=\u00bb1\/2&#8243;][vc_video link=\u00bbhttps:\/\/www.youtube.com\/watch?v=BaKSO1swmpw\u00bb][\/vc_column][vc_column width=\u00bb1\/2&#8243;][vc_column_text]Desde el dise\u00f1o hasta la construcci\u00f3n de plantas completas de depuraci\u00f3n y filtraci\u00f3n, al lado de los clientes buscando la plena satisfacci\u00f3n. Hay muchos campos de aplicaci\u00f3n para la &hellip;<\/p>\n","protected":false},"author":2,"featured_media":0,"parent":4334,"menu_order":0,"comment_status":"closed","ping_status":"closed","template":"","meta":{"footnotes":""},"class_list":["post-4338","page","type-page","status-publish","hentry"],"_links":{"self":[{"href":"https:\/\/www.omp-pignotti.com\/es\/wp-json\/wp\/v2\/pages\/4338","targetHints":{"allow":["GET"]}}],"collection":[{"href":"https:\/\/www.omp-pignotti.com\/es\/wp-json\/wp\/v2\/pages"}],"about":[{"href":"https:\/\/www.omp-pignotti.com\/es\/wp-json\/wp\/v2\/types\/page"}],"author":[{"embeddable":true,"href":"https:\/\/www.omp-pignotti.com\/es\/wp-json\/wp\/v2\/users\/2"}],"replies":[{"embeddable":true,"href":"https:\/\/www.omp-pignotti.com\/es\/wp-json\/wp\/v2\/comments?post=4338"}],"version-history":[{"count":7,"href":"https:\/\/www.omp-pignotti.com\/es\/wp-json\/wp\/v2\/pages\/4338\/revisions"}],"predecessor-version":[{"id":4447,"href":"https:\/\/www.omp-pignotti.com\/es\/wp-json\/wp\/v2\/pages\/4338\/revisions\/4447"}],"up":[{"embeddable":true,"href":"https:\/\/www.omp-pignotti.com\/es\/wp-json\/wp\/v2\/pages\/4334"}],"wp:attachment":[{"href":"https:\/\/www.omp-pignotti.com\/es\/wp-json\/wp\/v2\/media?parent=4338"}],"curies":[{"name":"wp","href":"https:\/\/api.w.org\/{rel}","templated":true}]}}