{"id":4343,"date":"2017-09-14T16:45:27","date_gmt":"2017-09-14T16:45:27","guid":{"rendered":"https:\/\/www.omp-pignotti.com\/maquinaria\/impianti-di-produzione-mattonelle\/"},"modified":"2019-01-11T14:56:55","modified_gmt":"2019-01-11T14:56:55","slug":"plantas-de-produccion-de-baldosas","status":"publish","type":"page","link":"https:\/\/www.omp-pignotti.com\/es\/maquinaria\/plantas-de-produccion-de-baldosas\/","title":{"rendered":"Plantas de producci\u00f3n de baldosas"},"content":{"rendered":"<div class=\"wpb-content-wrapper\"><p>[vc_row][vc_column][vc_custom_heading text=\u00bbPlantas de producci\u00f3n de baldosas\u00bb use_theme_fonts=\u00bbyes\u00bb el_class=\u00bbtitle\u00bb][vc_empty_space height=\u00bb15px\u00bb][vc_column_text]La OMP se dedica a la producci\u00f3n de <strong>sistemas y accesorios para la producci\u00f3n de baldosas<\/strong> de grano y cemento, as\u00ed como<strong> baldosas fundidas y baldosas vibradas<\/strong>. Tambi\u00e9n procesamos prensas, lijadoras y otras m\u00e1quinas presentes en el mercado usado y ofrecemos un <strong>servicio de revisi\u00f3n con garant\u00eda<\/strong>.<\/p>\n<p>Con nuestra experiencia tambi\u00e9n realizamos <strong>plantas de mezcla de hormig\u00f3n<\/strong> tanto fijas como m\u00f3viles.[\/vc_column_text][\/vc_column][\/vc_row][vc_row][vc_column width=\u00bb1\/3&#8243;]<div class='featured featured-has-link featured-has-icon simple-style'><div class='featured-header'><a target='_self' href='\/es\/maquinaria\/sistema-de-hormigon-1-y-2-capa\/'><img alt='Sistema de hormig\u00f3n 1\u00ba y 2\u00ba capa' src='https:\/\/www.omp-pignotti.com\/wp-content\/uploads\/2017\/09\/01-betoniera1-659x368.jpg'\/><\/a><\/div><div class='featured-content'><h3 class='featured-title text-uppercase'><a target='_self' href='\/es\/maquinaria\/sistema-de-hormigon-1-y-2-capa\/'><i class='fa fa-industry'><\/i>Sistema de hormig\u00f3n 1\u00ba y 2\u00ba capa<\/a><\/h3><a class='btn btn-md btn-minimal' target='_self' href='\/es\/maquinaria\/sistema-de-hormigon-1-y-2-capa\/'>Ver<\/a><\/div><\/div>[\/vc_column][vc_column width=\u00bb1\/3&#8243;]<div class='featured featured-has-link featured-has-icon simple-style'><div class='featured-header'><a target='_self' href='\/es\/maquinaria\/transportadores-de-tornillo-sinfin\/'><img alt='Transportadores de tornillo sinf\u00edn ' src='https:\/\/www.omp-pignotti.com\/wp-content\/uploads\/2017\/09\/02-trasportatore-a-coclea-659x368.jpg'\/><\/a><\/div><div class='featured-content'><h3 class='featured-title text-uppercase'><a target='_self' href='\/es\/maquinaria\/transportadores-de-tornillo-sinfin\/'><i class='fa fa-industry'><\/i>Transportadores de tornillo sinf\u00edn <\/a><\/h3><a class='btn btn-md btn-minimal' target='_self' href='\/es\/maquinaria\/transportadores-de-tornillo-sinfin\/'>Ver<\/a><\/div><\/div>[\/vc_column][vc_column width=\u00bb1\/3&#8243;]<div class='featured featured-has-link featured-has-icon simple-style'><div class='featured-header'><a target='_self' href='\/es\/maquinaria\/planta-hormigonera-continua\/'><img alt='Planta hormigonera continua' src='https:\/\/www.omp-pignotti.com\/wp-content\/uploads\/2017\/09\/03-betoniera-continua-1-659x368.jpg'\/><\/a><\/div><div class='featured-content'><h3 class='featured-title text-uppercase'><a target='_self' href='\/es\/maquinaria\/planta-hormigonera-continua\/'><i class='fa fa-industry'><\/i>Planta hormigonera continua<\/a><\/h3><a class='btn btn-md btn-minimal' target='_self' href='\/es\/maquinaria\/planta-hormigonera-continua\/'>Ver<\/a><\/div><\/div>[\/vc_column][\/vc_row][vc_row][vc_column][vc_empty_space height=\u00bb40px\u00bb][\/vc_column][\/vc_row][vc_row][vc_column width=\u00bb1\/3&#8243;]<div class='featured featured-has-link featured-has-icon simple-style'><div class='featured-header'><a target='_self' href='\/es\/maquinaria\/elevador-de-cangilones\/'><img alt='Elevador de cangilones' src='https:\/\/www.omp-pignotti.com\/wp-content\/uploads\/2017\/09\/04-3-elevatore-a-tazze-1-659x368.jpg'\/><\/a><\/div><div class='featured-content'><h3 class='featured-title text-uppercase'><a target='_self' href='\/es\/maquinaria\/elevador-de-cangilones\/'><i class='fa fa-industry'><\/i>Elevador de cangilones<\/a><\/h3><a class='btn btn-md btn-minimal' target='_self' href='\/es\/maquinaria\/elevador-de-cangilones\/'>Ver<\/a><\/div><\/div>[\/vc_column][vc_column width=\u00bb1\/3&#8243;]<div class='featured featured-has-link featured-has-icon simple-style'><div class='featured-header'><a target='_self' href='\/es\/maquinaria\/granalladoras\/'><img alt='Granalladoras' src='https:\/\/www.omp-pignotti.com\/wp-content\/uploads\/2017\/09\/05-Granigliatrice1-1-659x368.jpg'\/><\/a><\/div><div class='featured-content'><h3 class='featured-title text-uppercase'><a target='_self' href='\/es\/maquinaria\/granalladoras\/'><i class='fa fa-industry'><\/i>Granalladoras<\/a><\/h3><a class='btn btn-md btn-minimal' target='_self' href='\/es\/maquinaria\/granalladoras\/'>Ver<\/a><\/div><\/div>[\/vc_column][vc_column width=\u00bb1\/3&#8243;]<div class='featured featured-has-link featured-has-icon simple-style'><div class='featured-header'><a target='_self' href='\/es\/maquinaria\/mezclador-planetario-modelo-mp\/'><img alt='Mezclador planetario modelo MP' src='https:\/\/www.omp-pignotti.com\/wp-content\/uploads\/2017\/09\/06-Mescolatore-planetario1-1-659x368.jpg'\/><\/a><\/div><div class='featured-content'><h3 class='featured-title text-uppercase'><a target='_self' href='\/es\/maquinaria\/mezclador-planetario-modelo-mp\/'><i class='fa fa-industry'><\/i>Mezclador planetario modelo MP<\/a><\/h3><a class='btn btn-md btn-minimal' target='_self' href='\/es\/maquinaria\/mezclador-planetario-modelo-mp\/'>Ver<\/a><\/div><\/div>[\/vc_column][\/vc_row][vc_row][vc_column][vc_empty_space height=\u00bb40px\u00bb][\/vc_column][\/vc_row][vc_row][vc_column width=\u00bb1\/3&#8243;]<div class='featured featured-has-link featured-has-icon simple-style'><div class='featured-header'><a target='_self' href='\/es\/maquinaria\/extractor-vertical-y-horizontal\/'><img alt='Extractor vertical y horizontal' src='https:\/\/www.omp-pignotti.com\/wp-content\/uploads\/2017\/09\/07-Prelevatore-Principale-659x368.jpg'\/><\/a><\/div><div class='featured-content'><h3 class='featured-title text-uppercase'><a target='_self' href='\/es\/maquinaria\/extractor-vertical-y-horizontal\/'><i class='fa fa-industry'><\/i>Extractor vertical y horizontal<\/a><\/h3><a class='btn btn-md btn-minimal' target='_self' href='\/es\/maquinaria\/extractor-vertical-y-horizontal\/'>Ver<\/a><\/div><\/div>[\/vc_column][vc_column width=\u00bb1\/3&#8243;]<div class='featured featured-has-link featured-has-icon simple-style'><div class='featured-header'><a target='_self' href='\/es\/macchinari\/prensa-hidraulica\/'><img alt='Prensa hidr\u00e1ulica' src='https:\/\/www.omp-pignotti.com\/wp-content\/uploads\/2017\/09\/08-PRESSE-1024x584-1-659x368.jpg'\/><\/a><\/div><div class='featured-content'><h3 class='featured-title text-uppercase'><a target='_self' href='\/es\/macchinari\/prensa-hidraulica\/'><i class='fa fa-industry'><\/i>Prensa hidr\u00e1ulica<\/a><\/h3><a class='btn btn-md btn-minimal' target='_self' href='\/es\/macchinari\/prensa-hidraulica\/'>Ver<\/a><\/div><\/div>[\/vc_column][vc_column width=\u00bb1\/3&#8243;]<div class='featured featured-has-link featured-has-icon simple-style'><div class='featured-header'><a target='_self' href='\/es\/maquinaria\/cepilladora\/'><img alt='Cepilladora' src='https:\/\/www.omp-pignotti.com\/wp-content\/uploads\/2017\/09\/09-spazzolatrice1-1-659x368.jpg'\/><\/a><\/div><div class='featured-content'><h3 class='featured-title text-uppercase'><a target='_self' href='\/es\/maquinaria\/cepilladora\/'><i class='fa fa-industry'><\/i>Cepilladora<\/a><\/h3><a class='btn btn-md btn-minimal' target='_self' href='\/es\/maquinaria\/cepilladora\/'>Ver<\/a><\/div><\/div>[\/vc_column][\/vc_row][vc_row][vc_column][vc_empty_space height=\u00bb40px\u00bb][\/vc_column][\/vc_row][vc_row][vc_column width=\u00bb1\/3&#8243;]<div class='featured featured-has-link featured-has-icon simple-style'><div class='featured-header'><a target='_self' href='\/es\/maquinaria\/dosificador-hidraulico\/'><img alt='Dosificador hidr\u00e1ulico' src='https:\/\/www.omp-pignotti.com\/wp-content\/uploads\/2017\/09\/10-Hydraulic-doser-1-659x368.jpg'\/><\/a><\/div><div class='featured-content'><h3 class='featured-title text-uppercase'><a target='_self' href='\/es\/maquinaria\/dosificador-hidraulico\/'><i class='fa fa-industry'><\/i>Dosificador hidr\u00e1ulico<\/a><\/h3><a class='btn btn-md btn-minimal' target='_self' href='\/es\/maquinaria\/dosificador-hidraulico\/'>Ver<\/a><\/div><\/div>[\/vc_column][vc_column width=\u00bb1\/3&#8243;]<div class='featured featured-has-link featured-has-icon simple-style'><div class='featured-header'><a target='_self' href='\/maquinaria\/banda-transportadora\/'><img alt='Banda transportadora' src='https:\/\/www.omp-pignotti.com\/wp-content\/uploads\/2017\/09\/11-Nastro-Trasportatore-1-659x368.jpg'\/><\/a><\/div><div class='featured-content'><h3 class='featured-title text-uppercase'><a target='_self' href='\/maquinaria\/banda-transportadora\/'><i class='fa fa-industry'><\/i>Banda transportadora<\/a><\/h3><a class='btn btn-md btn-minimal' target='_self' href='\/maquinaria\/banda-transportadora\/'>Visualizza<\/a><\/div><\/div>[\/vc_column][vc_column width=\u00bb1\/3&#8243;]<div class='featured featured-has-link featured-has-icon simple-style'><div class='featured-header'><a target='_self' href='\/es\/macchinari\/tolva-rompe-sacos\/'><img alt='Tolva rompe-sacos' src='https:\/\/www.omp-pignotti.com\/wp-content\/uploads\/2017\/09\/12-tramoggia-rompisacco-1-659x368.jpg'\/><\/a><\/div><div class='featured-content'><h3 class='featured-title text-uppercase'><a target='_self' href='\/es\/macchinari\/tolva-rompe-sacos\/'><i class='fa fa-industry'><\/i>Tolva rompe-sacos<\/a><\/h3><a class='btn btn-md btn-minimal' target='_self' href='\/es\/macchinari\/tolva-rompe-sacos\/'>Ver<\/a><\/div><\/div>[\/vc_column][\/vc_row][vc_row][vc_column][vc_empty_space height=\u00bb40px\u00bb][\/vc_column][\/vc_row][vc_row full_width=\u00bbstretch_row\u00bb el_class=\u00bbno-bottom-padding-row\u00bb css=\u00bb.vc_custom_1510853027937{background-color: #eab400 !important;}\u00bb][vc_column css=\u00bb.vc_custom_1453297044468{padding-top: 0px !important;}\u00bb]<div class=\"download\"><div class='download-content text-uppercase' style='color: #ffffff'><i class='fa fa fa-file-pdf-o'><\/i> DESCARGUE EL NUEVO CAT\u00c1LOGO DE PRODUCTOS<\/div><a target='_self' href='\/wp-content\/uploads\/2017\/11\/OMP-GENERALE-2013.pdf' class='btn btn-md btn-dark btn-shadow'><i class='fa fa fa-cloud-download'><\/i> Descargue<\/a><\/div>[\/vc_column][\/vc_row]<\/p>\n<\/div>","protected":false},"excerpt":{"rendered":"<p>[vc_row][vc_column][vc_custom_heading text=\u00bbPlantas de producci\u00f3n de baldosas\u00bb use_theme_fonts=\u00bbyes\u00bb el_class=\u00bbtitle\u00bb][vc_empty_space height=\u00bb15px\u00bb][vc_column_text]La OMP se dedica a la producci\u00f3n de sistemas y accesorios para la producci\u00f3n de baldosas de grano y cemento, as\u00ed como baldosas fundidas y baldosas vibradas. Tambi\u00e9n procesamos prensas, lijadoras y &hellip;<\/p>\n","protected":false},"author":1,"featured_media":0,"parent":4334,"menu_order":0,"comment_status":"closed","ping_status":"closed","template":"","meta":{"footnotes":""},"class_list":["post-4343","page","type-page","status-publish","hentry"],"_links":{"self":[{"href":"https:\/\/www.omp-pignotti.com\/es\/wp-json\/wp\/v2\/pages\/4343","targetHints":{"allow":["GET"]}}],"collection":[{"href":"https:\/\/www.omp-pignotti.com\/es\/wp-json\/wp\/v2\/pages"}],"about":[{"href":"https:\/\/www.omp-pignotti.com\/es\/wp-json\/wp\/v2\/types\/page"}],"author":[{"embeddable":true,"href":"https:\/\/www.omp-pignotti.com\/es\/wp-json\/wp\/v2\/users\/1"}],"replies":[{"embeddable":true,"href":"https:\/\/www.omp-pignotti.com\/es\/wp-json\/wp\/v2\/comments?post=4343"}],"version-history":[{"count":11,"href":"https:\/\/www.omp-pignotti.com\/es\/wp-json\/wp\/v2\/pages\/4343\/revisions"}],"predecessor-version":[{"id":4437,"href":"https:\/\/www.omp-pignotti.com\/es\/wp-json\/wp\/v2\/pages\/4343\/revisions\/4437"}],"up":[{"embeddable":true,"href":"https:\/\/www.omp-pignotti.com\/es\/wp-json\/wp\/v2\/pages\/4334"}],"wp:attachment":[{"href":"https:\/\/www.omp-pignotti.com\/es\/wp-json\/wp\/v2\/media?parent=4343"}],"curies":[{"name":"wp","href":"https:\/\/api.w.org\/{rel}","templated":true}]}}