{"id":4348,"date":"2017-11-16T15:47:12","date_gmt":"2017-11-16T15:47:12","guid":{"rendered":"https:\/\/www.omp-pignotti.com\/privacy-cookie\/"},"modified":"2019-01-14T10:25:56","modified_gmt":"2019-01-14T10:25:56","slug":"privacy-cookie","status":"publish","type":"page","link":"https:\/\/www.omp-pignotti.com\/es\/privacy-cookie\/","title":{"rendered":"Privacy &#038; Cookie"},"content":{"rendered":"<h3 class=\"western\">POL\u00cdTICA DE PRIVACIDAD<\/h3>\n<p><strong>1. Premisa<\/strong><br \/>\nEn conformidad con el art. 13 del Decreto Legislativo n. N. 196\/2003 &#8211; \u00abC\u00f3digo de protecci\u00f3n de datos personales\u00bb (en adelante, \u00abC\u00f3digo\u00bb), OFFICINA MECCANICA PIGNOTTI Srl, como \u00abControlador de datos\u00bb del procesamiento, debe proporcionar informaci\u00f3n sobre el uso de su datos personales<br \/>\n<strong>2. Fuente de datos personales<\/strong><br \/>\nLa recopilaci\u00f3n de sus datos personales se realiza mediante el registro de los datos suministrados por usted, como parte interesada, al enviar un mensaje a trav\u00e9s del formulario de contacto correspondiente.<br \/>\n<strong>3. Objeto del tratamiento<\/strong><br \/>\nLos datos personales se procesan para los fines estrictamente relacionados con el desempe\u00f1o del servicio solicitado, como, por ejemplo, la respuesta a las preguntas solicitadas a trav\u00e9s del formulario.<br \/>\n<strong>4. M\u00e9todos de procesamiento de datos.<\/strong><br \/>\nEn relaci\u00f3n con los fines descritos, el procesamiento de datos personales se realiza mediante herramientas manuales, inform\u00e1ticas y telem\u00e1ticas con una l\u00f3gica estrictamente relacionada con los fines descritos anteriormente y, en cualquier caso, con el fin de garantizar la seguridad y confidencialidad de los datos.<br \/>\nUna vez que se hayan cumplido los prop\u00f3sitos establecidos, los datos se eliminar\u00e1n o se transformar\u00e1n de forma an\u00f3nima.<br \/>\n<strong>5. Naturaleza facultativa de la provisi\u00f3n de datos.<\/strong><br \/>\nLa provisi\u00f3n de datos es opcional, pero en ausencia no ser\u00e1 posible enviar el mensaje.<br \/>\n<strong>6. Categor\u00edas de sujetos a quienes se les puede comunicar los datos o que pueden tener conocimiento sobre ellos como gerentes o agentes.<\/strong><br \/>\nSus datos personales pueden ser conocidos solo por los administradores del sitio, identificados como Fideicomisarios del tratamiento. Exclusivamente para los fines establecidos en el p\u00e1rrafo 3 (Prop\u00f3sito del procesamiento), los terceros que prestan servicios para el sitio pueden ser informados de los datos personales, despu\u00e9s de ser designados como procesadores de datos y garantizar el mismo nivel de protecci\u00f3n.<br \/>\n<strong>7. Derechos del interesado.<\/strong><br \/>\nFinalmente, le informamos que la legislaci\u00f3n relativa a la protecci\u00f3n de datos personales confiere a las partes interesadas la posibilidad de ejercer derechos espec\u00edficos, basados \u200b\u200ben las disposiciones del art. 7 del \u00abC\u00f3digo\u00bb que se informa aqu\u00ed:<br \/>\n<strong>1.<\/strong> La parte interesada tiene derecho a obtener la confirmaci\u00f3n de la existencia o no de los datos personales que le conciernen, incluso si a\u00fan no est\u00e1n registrados, y su comunicaci\u00f3n en forma inteligible.<br \/>\n<strong>2.<\/strong> El interesado tiene derecho a obtener la indicaci\u00f3n:<br \/>\na. el origen de los datos personales;<br \/>\nb. de los fines y m\u00e9todos de tramitaci\u00f3n;<br \/>\nc. de la l\u00f3gica aplicada en caso de tratamiento realizado con ayuda de instrumentos electr\u00f3nicos;<br \/>\nd. de los detalles de identificaci\u00f3n del propietario, de los gerentes y del representante designado de conformidad con el art. 5, p\u00e1rrafo 2;<br \/>\ne. los sujetos o las categor\u00edas de sujetos a quienes se pueden comunicar los datos personales o quienes pueden conocerlos como representantes designados en el territorio del Estado, administradores o agentes.<br \/>\n<strong>3.<\/strong> El interesado tiene derecho a obtener:<br \/>\na. Actualizaci\u00f3n, rectificaci\u00f3n o, cuando est\u00e9 interesado, integraci\u00f3n de datos;<br \/>\nb. la cancelaci\u00f3n, la transformaci\u00f3n en forma an\u00f3nima o el bloqueo de datos procesados \u200b\u200bilegalmente, incluidos los datos cuya retenci\u00f3n no es necesaria para los fines para los cuales los datos fueron recopilados o procesados \u200b\u200bposteriormente;<br \/>\nc. La atestaci\u00f3n de que las operaciones mencionadas en las letras a. y b. se les ha hecho saber, tambi\u00e9n en lo que respecta a su contenido, a aquellos a quienes se les ha comunicado o difundido los datos, excepto en el caso de que este cumplimiento sea imposible o implique un uso de medios manifiestamente desproporcionados al derecho protegido.<br \/>\n<strong>4.<\/strong> La parte interesada tiene derecho a objetar, total o parcialmente:<br \/>\na. por razones leg\u00edtimas, el procesamiento de datos personales que le conciernen, incluso si son pertinentes para el prop\u00f3sito de la recopilaci\u00f3n;<br \/>\nb. al tratamiento de datos personales que le conciernen con el fin de enviar publicidad o material de ventas directas o para realizar estudios de mercado o comunicaci\u00f3n comercial.<br \/>\n<strong>8. Propietario y gestores del tratamiento.<\/strong><br \/>\nEl controlador de datos de datos personales a los que se hace referencia en este aviso es OFFICINA MECCANICA PIGNOTTI S.r.l., con domicilio social en Via Provinciale Aretina n. 1 \/ A #Loc. LE VALLI &#8211; 50067 TROGHI RIGNANO SULL&#8217;ARNO (FI).<br \/>\nEl mismo es responsable de la respuesta, en caso de ejercer los derechos descritos anteriormente.<br \/>\nPara simplificar los procedimientos de presentaci\u00f3n y reducir el tiempo de respuesta, env\u00ede las solicitudes, mencionadas en el p\u00e1rrafo anterior, a OFFICINA MECCANICA PIGNOTTI S.r.l., contactando a la direcci\u00f3n de correo electr\u00f3nico info@omp-pignotti.it.<\/p>\n<h3 class=\"western\">USO DE COOKIES<\/h3>\n<p>Este sitio utiliza cookies definidas como \u00abt\u00e9cnicas\u00bb para mejorar la experiencia de navegaci\u00f3n. Si contin\u00faa utilizando este sitio web, asumimos que acepta recibir estas cookies. De lo contrario, puede cambiar la configuraci\u00f3n de las cookies en cualquier momento. Las cookies se utilizan para hacer que el funcionamiento de los sitios web sea m\u00e1s eficiente. Las cookies se utilizan para mejorar su navegaci\u00f3n y para ayudarnos a garantizar que los contenidos sean relevantes.<\/p>\n<p><strong>Cookies generales del sitio web<br \/>\n<\/strong>Este sitio est\u00e1 construido en una plataforma de CMS, que utiliza una serie de cookies. Estas cookies no recogen ninguna informaci\u00f3n personal. Estas cookies son agregadas autom\u00e1ticamente por la plataforma.<\/p>\n<p><strong>Cookie Social Share<br \/>\n<\/strong><\/p>\n<p>Al visitar el sitio, puede recibir cookies tanto del sitio visitado (\u00abpropietarios\u00bb) como de sitios administrados por otras organizaciones (\u00abterceros\u00bb). Un ejemplo es la presencia de \u00abcomplementos sociales\u00bb para Facebook, Twitter, Google+ y LinkedIn. Estas son partes de la p\u00e1gina visitada generadas directamente por los sitios mencionados e integradas en la p\u00e1gina del sitio host. El uso m\u00e1s com\u00fan de los complementos sociales est\u00e1 dirigido a compartir contenido en las redes sociales.<\/p>\n<p>La presencia de estos complementos implica la transmisi\u00f3n de cookies hacia y desde todos los sitios administrados por terceros. La gesti\u00f3n de la informaci\u00f3n recopilada por \u00abterceros\u00bb se rige por la informaci\u00f3n relevante a la que se hace referencia. Puede consultar la normativa en los sitios individuales de terceros.<\/p>\n<p>Para una mayor transparencia, las siguientes son las direcciones web de la informaci\u00f3n y los m\u00e9todos para la administraci\u00f3n de cookies de terceros en el sitio.<\/p>\n<p>Informaci\u00f3n de Facebook: https:\/\/www.facebook.com\/help\/cookies\/<\/p>\n<p>Facebook (configuraci\u00f3n): inicie sesi\u00f3n en su cuenta. Secci\u00f3n de privacidad<\/p>\n<p>Informaci\u00f3n de Twitter: https:\/\/support.twitter.com\/articles\/20170514<\/p>\n<p>Twitter (configuraci\u00f3n): https:\/\/twitter.com\/settings\/security<\/p>\n<p>Linkedin informativo: https:\/\/www.linkedin.com\/legal\/cookie-policy<\/p>\n<p>Linkedin (configuraci\u00f3n): https:\/\/www.linkedin.com\/settings\/<\/p>\n<p>Informaci\u00f3n de Google+: http:\/\/www.google.it\/intl\/it\/policies\/technologies\/cookies\/<\/p>\n<p>Google+ (configuraci\u00f3n): http:\/\/www.google.it\/intl\/it\/policies\/technologies\/managing\/<\/p>\n<p><strong>Cookie de Google Analytics<br \/>\n<\/strong>Este sitio web utiliza Google Analytics, un servicio de an\u00e1lisis web provisto por Google, Inc. (\u00abGoogle\u00bb).<\/p>\n<p><strong>Cookie de Google Maps<br \/>\n<\/strong>Este sitio utiliza Google Maps para indicar la ubicaci\u00f3n exacta de nuestra ubicaci\u00f3n en un mapa.<\/p>\n<p><strong>Cookie de YouTube<br \/>\n<\/strong>En este sitio se han incorporado algunos videos de YouTube.<\/p>\n<p>Google Analytics, Google Maps y YouTube usan \u00abcookies\u00bb, que son archivos de texto que se almacenan en su ordenador para permitir que el sitio web analice c\u00f3mo los usuarios usan el sitio.<\/p>\n<p>La informaci\u00f3n generada por la cookie acerca de su uso del sitio web en forma an\u00f3nima ser\u00e1 transmitida y almacenada por Google en servidores en los Estados Unidos.<\/p>\n<p>Google utilizar\u00e1 esta informaci\u00f3n con el fin de evaluar el uso del sitio web, compilar informes sobre la actividad del sitio web para los operadores del sitio web y proporcionar otros servicios relacionados con la actividad del sitio web y el uso de Internet. Google tambi\u00e9n puede transferir esta informaci\u00f3n a terceros cuando as\u00ed lo exija la ley o cuando dichos terceros procesen la informaci\u00f3n en nombre de Google.<\/p>\n<p>Google no asociar\u00e1 su direcci\u00f3n IP con ning\u00fan otro dato del que disponga Google. Puede negarse a usar cookies seleccionando la configuraci\u00f3n adecuada en su navegador, pero esto puede impedirle utilizar todas las funciones de este sitio web.<\/p>\n<p>Al utilizar este sitio web, usted acepta que Google procese sus datos de la manera y para los fines establecidos anteriormente.<\/p>\n<p><strong>Manejo de cookies<\/strong><br \/>\nPuede decidir si acepta las cookies o no, incluso utilizando la configuraci\u00f3n de su navegador.<br \/>\nLa desactivaci\u00f3n de las cookies de \u00abterceros\u00bb no afecta de ninguna manera la navegabilidad.<br \/>\nLa configuraci\u00f3n se puede definir espec\u00edficamente para diferentes sitios web y aplicaciones web. Adem\u00e1s, los mejores navegadores le permiten definir diferentes configuraciones para los \u00abpropietarios\u00bb de cookies y los de \u00abterceros\u00bb.<br \/>\nComo ejemplo, en Firefox, a trav\u00e9s del men\u00fa Herramientas-&gt; Opciones -&gt; Privacidad, puede acceder a un panel de control donde puede definir si desea aceptar o no los diferentes tipos de cookies y proceder a su eliminaci\u00f3n.<br \/>\nChrome: https:\/\/support.google.com\/chrome\/answer\/95647?hl=es<br \/>\nFirefox: https:\/\/support.mozilla.org\/it\/kb\/Gestione%20dei%20cookie<br \/>\nInternet Explorer: http:\/\/windows.microsoft.com\/it-it\/windows7\/how-to-manage-cookies-in-internet-explorer-9<br \/>\nOpera: http:\/\/help.opera.com\/Windows\/10.00\/it\/cookies.html<br \/>\nSafari: http:\/\/support.apple.com\/kb\/HT1677?viewlocale=it_IT<\/p>\n","protected":false},"excerpt":{"rendered":"<p>POL\u00cdTICA DE PRIVACIDAD 1. Premisa En conformidad con el art. 13 del Decreto Legislativo n. N. 196\/2003 &#8211; \u00abC\u00f3digo de protecci\u00f3n de datos personales\u00bb (en adelante, \u00abC\u00f3digo\u00bb), OFFICINA MECCANICA PIGNOTTI Srl, como \u00abControlador de datos\u00bb del procesamiento, debe proporcionar informaci\u00f3n &hellip;<\/p>\n","protected":false},"author":1,"featured_media":0,"parent":0,"menu_order":0,"comment_status":"closed","ping_status":"closed","template":"","meta":{"footnotes":""},"class_list":["post-4348","page","type-page","status-publish","hentry"],"_links":{"self":[{"href":"https:\/\/www.omp-pignotti.com\/es\/wp-json\/wp\/v2\/pages\/4348","targetHints":{"allow":["GET"]}}],"collection":[{"href":"https:\/\/www.omp-pignotti.com\/es\/wp-json\/wp\/v2\/pages"}],"about":[{"href":"https:\/\/www.omp-pignotti.com\/es\/wp-json\/wp\/v2\/types\/page"}],"author":[{"embeddable":true,"href":"https:\/\/www.omp-pignotti.com\/es\/wp-json\/wp\/v2\/users\/1"}],"replies":[{"embeddable":true,"href":"https:\/\/www.omp-pignotti.com\/es\/wp-json\/wp\/v2\/comments?post=4348"}],"version-history":[{"count":2,"href":"https:\/\/www.omp-pignotti.com\/es\/wp-json\/wp\/v2\/pages\/4348\/revisions"}],"predecessor-version":[{"id":4445,"href":"https:\/\/www.omp-pignotti.com\/es\/wp-json\/wp\/v2\/pages\/4348\/revisions\/4445"}],"wp:attachment":[{"href":"https:\/\/www.omp-pignotti.com\/es\/wp-json\/wp\/v2\/media?parent=4348"}],"curies":[{"name":"wp","href":"https:\/\/api.w.org\/{rel}","templated":true}]}}