{"id":2434,"date":"2016-01-19T14:52:43","date_gmt":"2016-01-19T14:52:43","guid":{"rendered":"https:\/\/www.omp-pignotti.com\/realizzazione-macchinari\/"},"modified":"2017-10-25T09:43:25","modified_gmt":"2017-10-25T09:43:25","slug":"realisation-machinerie","status":"publish","type":"page","link":"https:\/\/www.omp-pignotti.com\/fr\/realisation-machinerie\/","title":{"rendered":"Machinerie"},"content":{"rendered":"<div class=\"wpb-content-wrapper\"><p>[vc_row][vc_column][vc_custom_heading text=\u00a0\u00bbR\u00e9alisation \u00e9quipements et machines\u00a0\u00bb use_theme_fonts=\u00a0\u00bbyes\u00a0\u00bb el_class=\u00a0\u00bbtitle\u00a0\u00bb][vc_empty_space height=\u00a0\u00bb20px\u00a0\u00bb][vc_column_text]La Societ\u00e8 OMP travaille dans ce domaine depuis l\u2019ann\u00e9e 1965. La force de la Societ\u00e8 est bas\u00e9e sur une fente et riche exp\u00e9rience, soutenue par des instruments de programmation tr\u00e8s avanc\u00e9s, utilis\u00e9s soit pour la conception de components m\u00e9caniques soit pour l\u2019ing\u00e9nierie des lignes compl\u00e8tes.<\/p>\n<p>Grace \u00e0 notre expertise technique nous sommes toujours en mesure de fournir des r\u00e9ponses cibl\u00e9es \u00e0 chaque exigence de nos clients, en fournissant des solutions personnalis\u00e9es.<\/p>\n<p>Nous nous sommes engag\u00e9s \u00e0 commercialiser des produits et des solutions de qualit\u00e9, extr\u00eamement fiables dans les ann\u00e9es, avec une longue dur\u00e9e de vie y peu d\u2019entretien, offrant un excellent service et de d\u00e9velopper une<strong>\u00a0relation de proximit\u00e9 avec le client<\/strong>.[\/vc_column_text][\/vc_column][\/vc_row][vc_row css=\u00a0\u00bb.vc_custom_1453287409122{margin-bottom: 40px !important;}\u00a0\u00bb][vc_column width=\u00a0\u00bb1\/2&Prime;]<div class='featured featured-has-link featured-has-icon featured-has-content'><div class='featured-header'><a target='_self' href='\/fr\/realisation-machinerie\/equipement-pour-la-production-de-carreaux\/'><img alt='Equipement pour la production de carreaux' src='https:\/\/www.omp-pignotti.com\/wp-content\/uploads\/2016\/01\/Impianti-di-produzione-mattonelle-OMP-Pignotti-Impianti.jpg'\/><\/a><\/div><div class='featured-content'><h3 class='featured-title text-uppercase'><a target='_self' href='\/fr\/realisation-machinerie\/equipement-pour-la-production-de-carreaux\/'><i class='fa fa-industry'><\/i>Equipement pour la production de carreaux<\/a><\/h3><p class='featured-desc'>La Societ\u00e8 OMP s\u2019occupe de la production des \u00e9quipements et accessoires pour la production des carreaux en gravie-ciment, ainsi que de carreaux coul\u00e9s et carreaux vibr\u00e9s.<\/p><a class='btn btn-md btn-minimal' target='_self' href='\/fr\/realisation-machinerie\/equipement-pour-la-production-de-carreaux\/'>Voir machinerie<\/a><\/div><\/div>[\/vc_column][vc_column width=\u00a0\u00bb1\/2&Prime;]<div class='featured featured-has-link featured-has-icon featured-has-content'><div class='featured-header'><a target='_self' href='\/fr\/realisation-machinerie\/equipment-pour-la-depuration-et-filtration-des-eaux\/'><img alt='Equipment pour la d\u00e9puration et filtration des eaux' src='https:\/\/www.omp-pignotti.com\/wp-content\/uploads\/2016\/01\/Marmomeccanica-e-depurazione-acque-OMP-Pignotti-Impianti.jpg'\/><\/a><\/div><div class='featured-content'><h3 class='featured-title text-uppercase'><a target='_self' href='\/fr\/realisation-machinerie\/equipment-pour-la-depuration-et-filtration-des-eaux\/'><i class='fa fa-tint'><\/i>Equipment pour la d\u00e9puration et filtration des eaux<\/a><\/h3><p class='featured-desc'>De la conception \u00e0 la r\u00e9alisation des \u00e9quipements complets pour la d\u00e9puration et filtration, \u00e0 c\u00f4t\u00e9 de nos clients pour chercher leur compl\u00e8te satisfaction.<\/p><a class='btn btn-md btn-minimal' target='_self' href='\/fr\/realisation-machinerie\/equipment-pour-la-depuration-et-filtration-des-eaux\/'>Voir machinerie<\/a><\/div><\/div>[\/vc_column][\/vc_row][vc_row full_width=\u00a0\u00bbstretch_row\u00a0\u00bb css=\u00a0\u00bb.vc_custom_1505990821386{background-color: #eab400 !important;}\u00a0\u00bb][vc_column css=\u00a0\u00bb.vc_custom_1453295795563{padding-top: 0px !important;}\u00a0\u00bb][vc_empty_space height=\u00a0\u00bb10px\u00a0\u00bb]<div class=\"download\"><div class='download-content text-uppercase' style='color: #fff'><i class='fa fa fa-file-pdf-o'><\/i> T\u00c9L\u00c9CHARGER LE NOUVEAU CATALOGUE DES PRODUITS<\/div><a target='_self' href='https:\/\/www.omp-pignotti.com\/wp-content\/uploads\/2017\/09\/pignotti-3-ante-web.pdf' class='btn btn-md btn-dark btn-shadow'><i class='fa fa fa-cloud-download'><\/i> T\u00e9l\u00e9charger<\/a><\/div>[\/vc_column][\/vc_row]<\/p>\n<\/div>","protected":false},"excerpt":{"rendered":"<p>[vc_row][vc_column][vc_custom_heading text=\u00a0\u00bbR\u00e9alisation \u00e9quipements et machines\u00a0\u00bb use_theme_fonts=\u00a0\u00bbyes\u00a0\u00bb el_class=\u00a0\u00bbtitle\u00a0\u00bb][vc_empty_space height=\u00a0\u00bb20px\u00a0\u00bb][vc_column_text]La Societ\u00e8 OMP travaille dans ce domaine depuis l\u2019ann\u00e9e 1965. La force de la Societ\u00e8 est bas\u00e9e sur une fente et riche exp\u00e9rience, soutenue par des instruments de programmation tr\u00e8s avanc\u00e9s, utilis\u00e9s soit &hellip;<\/p>\n","protected":false},"author":2,"featured_media":0,"parent":0,"menu_order":0,"comment_status":"closed","ping_status":"closed","template":"","meta":{"footnotes":""},"class_list":["post-2434","page","type-page","status-publish","hentry"],"_links":{"self":[{"href":"https:\/\/www.omp-pignotti.com\/fr\/wp-json\/wp\/v2\/pages\/2434","targetHints":{"allow":["GET"]}}],"collection":[{"href":"https:\/\/www.omp-pignotti.com\/fr\/wp-json\/wp\/v2\/pages"}],"about":[{"href":"https:\/\/www.omp-pignotti.com\/fr\/wp-json\/wp\/v2\/types\/page"}],"author":[{"embeddable":true,"href":"https:\/\/www.omp-pignotti.com\/fr\/wp-json\/wp\/v2\/users\/2"}],"replies":[{"embeddable":true,"href":"https:\/\/www.omp-pignotti.com\/fr\/wp-json\/wp\/v2\/comments?post=2434"}],"version-history":[{"count":3,"href":"https:\/\/www.omp-pignotti.com\/fr\/wp-json\/wp\/v2\/pages\/2434\/revisions"}],"predecessor-version":[{"id":3328,"href":"https:\/\/www.omp-pignotti.com\/fr\/wp-json\/wp\/v2\/pages\/2434\/revisions\/3328"}],"wp:attachment":[{"href":"https:\/\/www.omp-pignotti.com\/fr\/wp-json\/wp\/v2\/media?parent=2434"}],"curies":[{"name":"wp","href":"https:\/\/api.w.org\/{rel}","templated":true}]}}