{"id":2437,"date":"2016-01-19T15:44:38","date_gmt":"2016-01-19T15:44:38","guid":{"rendered":"https:\/\/www.omp-pignotti.com\/realizzazione-macchinari\/impianti-per-depurazione-acque-e-marmomeccanica\/"},"modified":"2018-11-27T09:42:46","modified_gmt":"2018-11-27T09:42:46","slug":"equipment-pour-la-depuration-et-filtration-des-eaux","status":"publish","type":"page","link":"https:\/\/www.omp-pignotti.com\/fr\/realisation-machinerie\/equipment-pour-la-depuration-et-filtration-des-eaux\/","title":{"rendered":"Equipment pour la d\u00e9puration et filtration des eaux"},"content":{"rendered":"<div class=\"wpb-content-wrapper\"><p>[vc_row][vc_column][vc_custom_heading text=\u00a0\u00bbEquipment pour la d\u00e9puration et filtration des eaux\u00a0\u00bb use_theme_fonts=\u00a0\u00bbyes\u00a0\u00bb el_class=\u00a0\u00bbtitle\u00a0\u00bb][vc_empty_space height=\u00a0\u00bb15&Prime;][\/vc_column][\/vc_row][vc_row][vc_column width=\u00a0\u00bb1\/2&Prime;][vc_video link=\u00a0\u00bbhttps:\/\/www.youtube.com\/watch?v=BaKSO1swmpw\u00a0\u00bb][\/vc_column][vc_column width=\u00a0\u00bb1\/2&Prime;][vc_column_text]De la conception \u00e0 la r\u00e9alisation des \u00e9quipements complets pour la\u00a0<strong>d\u00e9puration et filtration<\/strong>, \u00e0 c\u00f4t\u00e9 de nos clients pour chercher leur compl\u00e8te satisfaction.<\/p>\n<p>Les champs d\u2019application pour la filtre presse sont dans plusieurs secteurs, comme:<strong>\u00a0inertes, c\u00e9ramique, verre, marbre et granite, etc<\/strong>.[\/vc_column_text][\/vc_column][\/vc_row][vc_row][vc_column width=\u00a0\u00bb1\/2&Prime;][vc_custom_heading text=\u00a0\u00bbSch\u00e9ma de l\u2019installation de traitement des eaux\u00a0\u00bb use_theme_fonts=\u00a0\u00bbyes\u00a0\u00bb el_class=\u00a0\u00bbtitle\u00a0\u00bb][vc_single_image image=\u00a0\u00bb4114&Prime; img_size=\u00a0\u00bblarge\u00a0\u00bb][\/vc_column][vc_column width=\u00a0\u00bb1\/2&Prime;][vc_custom_heading text=\u00a0\u00bbL\u00e9gende\u00a0\u00bb font_container=\u00a0\u00bbtag:h3|text_align:left\u00a0\u00bb use_theme_fonts=\u00a0\u00bbyes\u00a0\u00bb el_class=\u00a0\u00bbtitle\u00a0\u00bb][vc_column_text]<\/p>\n<ul>\n<li>1 Clarifier feeding pump<\/li>\n<li>2 Clarifier feeding pipeline<\/li>\n<li>3 Clarifier<\/li>\n<li>4 Flocculant automatic unit \/ or manual<\/li>\n<li>5 Flocculant dosing pump &amp; pipeline<\/li>\n<li>6 Sludge discharge valves unit<\/li>\n<li>7\u00a0Sludge homogenizer<\/li>\n<li>8 Filterpress feeding pump<\/li>\n<li>9 Filterpress feeding pipeline<\/li>\n<li>10 Filterpress<\/li>\n<li>11 Electrical board<\/li>\n<li>12 Collection drip tray<\/li>\n<li>13 Clean water tank<\/li>\n<li>14\u00a0Clean water tank discharge valves<\/li>\n<li>15 Clean water booster system<\/li>\n<li>16 Coagulant unit<\/li>\n<li>17\u00a0Filterpress perimetral railing &amp; walkaway<\/li>\n<li>18\u00a0Filterpress Platform structure<\/li>\n<li>19\u00a0Filterpress access stairs<\/li>\n<li><\/li>\n<\/ul>\n<p>[\/vc_column_text][\/vc_column][\/vc_row][vc_row][vc_column][vc_custom_heading text=\u00a0\u00bbFiltre Press\u00a0\u00bb use_theme_fonts=\u00a0\u00bbyes\u00a0\u00bb el_class=\u00a0\u00bbtitle\u00a0\u00bb][\/vc_column][\/vc_row][vc_row][vc_column width=\u00a0\u00bb1\/4&Prime;]<div class='featured featured-has-link featured-has-icon simple-style'><div class='featured-header'><a target='_self' href='\/fr\/machinerie\/filtre-press-fp-1000\/'><img alt='FP 1000' src='https:\/\/www.omp-pignotti.com\/wp-content\/uploads\/2016\/01\/01-Filtro-Pressa-FP-10001-659x368.jpg'\/><\/a><\/div><div class='featured-content'><h3 class='featured-title text-uppercase'><a target='_self' href='\/fr\/machinerie\/filtre-press-fp-1000\/'><i class='fa fa-tint'><\/i>FP 1000<\/a><\/h3><a class='btn btn-md btn-minimal' target='_self' href='\/fr\/machinerie\/filtre-press-fp-1000\/'>Voir<\/a><\/div><\/div>[\/vc_column][vc_column width=\u00a0\u00bb1\/4&Prime;]<div class='featured featured-has-link featured-has-icon simple-style'><div class='featured-header'><a target='_self' href='\/fr\/machinerie\/filtre-press-fp-800\/'><img alt='FP 800' src='https:\/\/www.omp-pignotti.com\/wp-content\/uploads\/2016\/01\/02-Filtro-Pressa-FP-800-659x368.jpg'\/><\/a><\/div><div class='featured-content'><h3 class='featured-title text-uppercase'><a target='_self' href='\/fr\/machinerie\/filtre-press-fp-800\/'><i class='fa fa-tint'><\/i>FP 800<\/a><\/h3><a class='btn btn-md btn-minimal' target='_self' href='\/fr\/machinerie\/filtre-press-fp-800\/'>Voir<\/a><\/div><\/div>[\/vc_column][vc_column width=\u00a0\u00bb1\/4&Prime;]<div class='featured featured-has-link featured-has-icon simple-style'><div class='featured-header'><a target='_self' href='\/fr\/machinerie\/filtre-press-fp-630\/ '><img alt='FP 630' src='https:\/\/www.omp-pignotti.com\/wp-content\/uploads\/2016\/01\/03-Filtro-Pressa-FP-6301-659x368.jpg'\/><\/a><\/div><div class='featured-content'><h3 class='featured-title text-uppercase'><a target='_self' href='\/fr\/machinerie\/filtre-press-fp-630\/ '><i class='fa fa-tint'><\/i>FP 630<\/a><\/h3><a class='btn btn-md btn-minimal' target='_self' href='\/fr\/machinerie\/filtre-press-fp-630\/ '>Voir<\/a><\/div><\/div>[\/vc_column][vc_column width=\u00a0\u00bb1\/4&Prime;]<div class='featured featured-has-link featured-has-icon simple-style'><div class='featured-header'><a target='_self' href='\/fr\/machinerie\/filtre-press-fp-500\/'><img alt='FP 500' src='https:\/\/www.omp-pignotti.com\/wp-content\/uploads\/2017\/09\/FP-500-OMP-659x368.jpg'\/><\/a><\/div><div class='featured-content'><h3 class='featured-title text-uppercase'><a target='_self' href='\/fr\/machinerie\/filtre-press-fp-500\/'><i class='fa fa-tint'><\/i>FP 500<\/a><\/h3><a class='btn btn-md btn-minimal' target='_self' href='\/fr\/machinerie\/filtre-press-fp-500\/'>Voir<\/a><\/div><\/div>[\/vc_column][\/vc_row][vc_row][vc_column][vc_empty_space height=\u00a0\u00bb35&Prime;][\/vc_column][\/vc_row][vc_row][vc_column][vc_custom_heading text=\u00a0\u00bbSch\u00e9me de el&rsquo;installation de syst\u00e8me de sac de Big-Bag\u00a0\u00bb use_theme_fonts=\u00a0\u00bbyes\u00a0\u00bb el_class=\u00a0\u00bbtitle\u00a0\u00bb][vc_column_text]Dans les laboratoires o\u00f9 <strong>l&rsquo;usine de filtration serait trop grande<\/strong>, O.M.P. offre comme solution le syst\u00e8me de sac. Une alternative viable pour le nettoyage des eaux us\u00e9es et de la boue jusqu&rsquo;\u00e0 600 litres par minute, en maintenant la m\u00eame qualit\u00e9 de l&rsquo;usine avec un filtre-presse.<\/p>\n<p>Les usines Big-Bag sont, en termes de fonctionnement, les m\u00eames que les grandes usines classiques avec la seule diff\u00e9rence que la boue, une fois d\u00e9cant\u00e9e dans les silos,<strong> est canalis\u00e9e dans un sac filtre<\/strong> (90x90x120 cm) plac\u00e9 sur un ch\u00e2ssis en fer galvanis\u00e9 sp\u00e9cialement fabriqu\u00e9.<\/p>\n<p>Un sac a une <strong>capacit\u00e9 d&rsquo;environ 1000 kg<\/strong> de boue et la capacit\u00e9 de production est li\u00e9e au temps de d\u00e9cantation de la boue, pour augmenter la vitesse peut \u00eatre combin\u00e9e avec l&rsquo;unit\u00e9 de contr\u00f4le de floculant.[\/vc_column_text][\/vc_column][\/vc_row][vc_row][vc_column width=\u00a0\u00bb2\/3&Prime;][vc_custom_heading text=\u00a0\u00bbSyst\u00e8me de sac de Big-Bag\u00a0\u00bb use_theme_fonts=\u00a0\u00bbyes\u00a0\u00bb el_class=\u00a0\u00bbtitle\u00a0\u00bb]<div class=\"gallery-fs\"><figure><img decoding=\"async\" src=\"https:\/\/www.omp-pignotti.com\/wp-content\/uploads\/2016\/01\/Impianto-a-sacco-schema.jpg\" alt=\"Sch\u00e9me de el'installation de syst\u00e8me de sac de Big-Bag\"><figcaption>Sch\u00e9me de el'installation de syst\u00e8me de sac de Big-Bag<\/figcaption><\/figure><div class=\"gallery-fs-nav\"><button class=\"gallery-fs-fullscreen\"><i class=\"fa fa-arrows-alt\"><\/i><\/button><\/div><div class=\"gallery-fs-thumbnails gallery-fs-thumbnails-col-5 owl-carousel\"><a href='https:\/\/www.omp-pignotti.com\/wp-content\/uploads\/2016\/01\/Impianto-a-sacco-schema.jpg' data-caption='Sch\u00e9me de el'installation de syst\u00e8me de sac de Big-Bag' title='Sch\u00e9me de el&rsquo;installation de syst\u00e8me de sac de Big-Bag' class=\"selected\"><img loading=\"lazy\" decoding=\"async\" width=\"280\" height=\"210\" src=\"https:\/\/www.omp-pignotti.com\/wp-content\/uploads\/2016\/01\/Impianto-a-sacco-schema-280x210.jpg\" class=\"attachment-anps-gallery-thumb size-anps-gallery-thumb\" alt=\"Sch\u00e9me de el&#039;installation de syst\u00e8me de sac de Big-Bag\" \/><\/a><a href='https:\/\/www.omp-pignotti.com\/wp-content\/uploads\/2016\/01\/Impianto-a-sacco-3.jpeg' data-caption='Impianto a sacco' title='Impianto a sacco'><img loading=\"lazy\" decoding=\"async\" width=\"280\" height=\"210\" src=\"https:\/\/www.omp-pignotti.com\/wp-content\/uploads\/2016\/01\/Impianto-a-sacco-3-280x210.jpeg\" class=\"attachment-anps-gallery-thumb size-anps-gallery-thumb\" alt=\"Impianto a sacco\" \/><\/a><a href='https:\/\/www.omp-pignotti.com\/wp-content\/uploads\/2016\/01\/Impianto-a-sacco-2-e1555411148899.jpeg' data-caption='Impianto a sacco' title='Impianto a sacco'><img loading=\"lazy\" decoding=\"async\" width=\"280\" height=\"210\" src=\"https:\/\/www.omp-pignotti.com\/wp-content\/uploads\/2016\/01\/Impianto-a-sacco-2-e1555411148899-280x210.jpeg\" class=\"attachment-anps-gallery-thumb size-anps-gallery-thumb\" alt=\"Impianto a sacco\" \/><\/a><a href='https:\/\/www.omp-pignotti.com\/wp-content\/uploads\/2016\/01\/Big-bag-Water-Treatment-Plants-OMP-Pignotti.jpg' data-caption='Syst\u00e8me de sac de Big-Bag' title='Syst\u00e8me de sac de Big-Bag'><img loading=\"lazy\" decoding=\"async\" width=\"280\" height=\"210\" src=\"https:\/\/www.omp-pignotti.com\/wp-content\/uploads\/2016\/01\/Big-bag-Water-Treatment-Plants-OMP-Pignotti-280x210.jpg\" class=\"attachment-anps-gallery-thumb size-anps-gallery-thumb\" alt=\"Syst\u00e8me de sac de Big-Bag\" \/><\/a><\/div><\/div>[\/vc_column][vc_column width=\u00a0\u00bb1\/3&Prime;][vc_custom_heading text=\u00a0\u00bbL\u00e9gende\u00a0\u00bb font_container=\u00a0\u00bbtag:h3|text_align:left\u00a0\u00bb use_theme_fonts=\u00a0\u00bbyes\u00a0\u00bb el_class=\u00a0\u00bbtitle\u00a0\u00bb][vc_column_text]<\/p>\n<ul>\n<li>1 Clarifier feeding pipeline<\/li>\n<li>2 Big-Bag Sac<\/li>\n<li>3 Sludge discharge<\/li>\n<li>4 Big-Bag structure<\/li>\n<li>5 Clarifier<\/li>\n<li>6 Clarifier feeding pump<\/li>\n<li>7 Flocculant automatic unit \/ or manual<\/li>\n<li>8 Electrical board<\/li>\n<\/ul>\n<p>[\/vc_column_text][\/vc_column][\/vc_row][vc_row][vc_column][vc_empty_space height=\u00a0\u00bb15&Prime;][\/vc_column][\/vc_row][vc_row full_width=\u00a0\u00bbstretch_row\u00a0\u00bb el_class=\u00a0\u00bbno-bottom-padding-row\u00a0\u00bb css=\u00a0\u00bb.vc_custom_1465980240308{background-color: #fc9732 !important;}\u00a0\u00bb][vc_column css=\u00a0\u00bb.vc_custom_1453297356032{padding-top: 0px !important;}\u00a0\u00bb]<div class=\"download\"><div class='download-content text-uppercase' style='color: #ffffff'><i class='fa fa fa-file-pdf-o'><\/i> T\u00c9L\u00c9CHARGEZ UN CATALOGUE COMPLET DES SP\u00c9CIFICATIONS DE NOS SERVICES ET PROJETS<\/div><a target='_self' href='\/wp-content\/uploads\/2017\/11\/OMP-Pignotti-2017-WEB.pdf' class='btn btn-md btn-dark btn-shadow'><i class='fa fa fa-cloud-download'><\/i> T\u00c9L\u00c9CHARGER<\/a><\/div>[\/vc_column][\/vc_row]<\/p>\n<\/div>","protected":false},"excerpt":{"rendered":"<p>[vc_row][vc_column][vc_custom_heading text=\u00a0\u00bbEquipment pour la d\u00e9puration et filtration des eaux\u00a0\u00bb use_theme_fonts=\u00a0\u00bbyes\u00a0\u00bb el_class=\u00a0\u00bbtitle\u00a0\u00bb][vc_empty_space height=\u00a0\u00bb15&Prime;][\/vc_column][\/vc_row][vc_row][vc_column width=\u00a0\u00bb1\/2&Prime;][vc_video link=\u00a0\u00bbhttps:\/\/www.youtube.com\/watch?v=BaKSO1swmpw\u00a0\u00bb][\/vc_column][vc_column width=\u00a0\u00bb1\/2&Prime;][vc_column_text]De la conception \u00e0 la r\u00e9alisation des \u00e9quipements complets pour la\u00a0d\u00e9puration et filtration, \u00e0 c\u00f4t\u00e9 de nos clients pour chercher leur compl\u00e8te satisfaction. Les champs d\u2019application &hellip;<\/p>\n","protected":false},"author":2,"featured_media":0,"parent":2434,"menu_order":0,"comment_status":"closed","ping_status":"closed","template":"","meta":{"footnotes":""},"class_list":["post-2437","page","type-page","status-publish","hentry"],"_links":{"self":[{"href":"https:\/\/www.omp-pignotti.com\/fr\/wp-json\/wp\/v2\/pages\/2437","targetHints":{"allow":["GET"]}}],"collection":[{"href":"https:\/\/www.omp-pignotti.com\/fr\/wp-json\/wp\/v2\/pages"}],"about":[{"href":"https:\/\/www.omp-pignotti.com\/fr\/wp-json\/wp\/v2\/types\/page"}],"author":[{"embeddable":true,"href":"https:\/\/www.omp-pignotti.com\/fr\/wp-json\/wp\/v2\/users\/2"}],"replies":[{"embeddable":true,"href":"https:\/\/www.omp-pignotti.com\/fr\/wp-json\/wp\/v2\/comments?post=2437"}],"version-history":[{"count":17,"href":"https:\/\/www.omp-pignotti.com\/fr\/wp-json\/wp\/v2\/pages\/2437\/revisions"}],"predecessor-version":[{"id":4198,"href":"https:\/\/www.omp-pignotti.com\/fr\/wp-json\/wp\/v2\/pages\/2437\/revisions\/4198"}],"up":[{"embeddable":true,"href":"https:\/\/www.omp-pignotti.com\/fr\/wp-json\/wp\/v2\/pages\/2434"}],"wp:attachment":[{"href":"https:\/\/www.omp-pignotti.com\/fr\/wp-json\/wp\/v2\/media?parent=2437"}],"curies":[{"name":"wp","href":"https:\/\/api.w.org\/{rel}","templated":true}]}}