{"id":2440,"date":"2017-09-14T16:45:27","date_gmt":"2017-09-14T16:45:27","guid":{"rendered":"https:\/\/www.omp-pignotti.com\/realizzazione-macchinari\/impianti-di-produzione-mattonelle\/"},"modified":"2017-12-22T10:34:47","modified_gmt":"2017-12-22T10:34:47","slug":"equipement-pour-la-production-de-carreaux","status":"publish","type":"page","link":"https:\/\/www.omp-pignotti.com\/fr\/realisation-machinerie\/equipement-pour-la-production-de-carreaux\/","title":{"rendered":"\u00c9quipement pour la production de carreaux"},"content":{"rendered":"<div class=\"wpb-content-wrapper\"><p>[vc_row][vc_column][vc_custom_heading text=\u00a0\u00bb\u00c9quipement pour la production de carreaux\u00a0\u00bb use_theme_fonts=\u00a0\u00bbyes\u00a0\u00bb el_class=\u00a0\u00bbtitle\u00a0\u00bb][vc_empty_space height=\u00a0\u00bb15px\u00a0\u00bb][vc_column_text]La Societ\u00e8 OMP s\u2019occupe de la production des\u00a0<strong>\u00e9quipements et accessoires pour la production des carreaux en gravie-ciment<\/strong>, ainsi que de carreaux coul\u00e9s et carreaux vibr\u00e9s. En plus nous traitons aussi presses, gr\u00e9seuses, et d\u2019autres machines qui se trouve sur le march\u00e9 de l\u2019usage et nous donnons un service de r\u00e9vision compl\u00e8te avec une garantie.<\/p>\n<p>Avec notre exp\u00e9rience nous r\u00e9alisons aussi des c<strong>entrales \u00e0 b\u00e9ton<\/strong>\u00a0pour le ciment soit fixe que mobile.[\/vc_column_text][\/vc_column][\/vc_row][vc_row][vc_column width=\u00a0\u00bb1\/3&Prime;]<div class='featured featured-has-link featured-has-icon simple-style'><div class='featured-header'><a target='_self' href='\/fr\/machinerie\/betonnage-1ere-couche\/'><img alt='B\u00e9tonnage 1\u00e8re e 2\u00e8me couche' src='https:\/\/www.omp-pignotti.com\/wp-content\/uploads\/2017\/09\/01-betoniera1-659x368.jpg'\/><\/a><\/div><div class='featured-content'><h3 class='featured-title text-uppercase'><a target='_self' href='\/fr\/machinerie\/betonnage-1ere-couche\/'><i class='fa fa-industry'><\/i>B\u00e9tonnage 1\u00e8re e 2\u00e8me couche<\/a><\/h3><a class='btn btn-md btn-minimal' target='_self' href='\/fr\/machinerie\/betonnage-1ere-couche\/'>Voir<\/a><\/div><\/div>[\/vc_column][vc_column width=\u00a0\u00bb1\/3&Prime;]<div class='featured featured-has-link featured-has-icon simple-style'><div class='featured-header'><a target='_self' href='\/fr\/machinerie\/transporteurs-a-vis-sans-fin\/'><img alt='Transporteurs \u00e0 vis sans fin' src='https:\/\/www.omp-pignotti.com\/wp-content\/uploads\/2017\/09\/02-trasportatore-a-coclea-659x368.jpg'\/><\/a><\/div><div class='featured-content'><h3 class='featured-title text-uppercase'><a target='_self' href='\/fr\/machinerie\/transporteurs-a-vis-sans-fin\/'><i class='fa fa-industry'><\/i>Transporteurs \u00e0 vis sans fin<\/a><\/h3><a class='btn btn-md btn-minimal' target='_self' href='\/fr\/machinerie\/transporteurs-a-vis-sans-fin\/'>Voir<\/a><\/div><\/div>[\/vc_column][vc_column width=\u00a0\u00bb1\/3&Prime;]<div class='featured featured-has-link featured-has-icon simple-style'><div class='featured-header'><a target='_self' href='\/fr\/machinerie\/betonniere-continue\/'><img alt='B\u00e9tonnie\u00e8re continue' src='https:\/\/www.omp-pignotti.com\/wp-content\/uploads\/2017\/09\/03-betoniera-continua-1-659x368.jpg'\/><\/a><\/div><div class='featured-content'><h3 class='featured-title text-uppercase'><a target='_self' href='\/fr\/machinerie\/betonniere-continue\/'><i class='fa fa-industry'><\/i>B\u00e9tonnie\u00e8re continue<\/a><\/h3><a class='btn btn-md btn-minimal' target='_self' href='\/fr\/machinerie\/betonniere-continue\/'>Voir<\/a><\/div><\/div>[\/vc_column][\/vc_row][vc_row][vc_column][vc_empty_space height=\u00a0\u00bb40px\u00a0\u00bb][\/vc_column][\/vc_row][vc_row][vc_column width=\u00a0\u00bb1\/3&Prime;]<div class='featured featured-has-link featured-has-icon simple-style'><div class='featured-header'><a target='_self' href='\/fr\/machinerie\/elevateurs-a-godets\/'><img alt='El\u00e9vateurs \u00e0 godets' src='https:\/\/www.omp-pignotti.com\/wp-content\/uploads\/2017\/09\/04-3-elevatore-a-tazze-1-659x368.jpg'\/><\/a><\/div><div class='featured-content'><h3 class='featured-title text-uppercase'><a target='_self' href='\/fr\/machinerie\/elevateurs-a-godets\/'><i class='fa fa-industry'><\/i>El\u00e9vateurs \u00e0 godets<\/a><\/h3><a class='btn btn-md btn-minimal' target='_self' href='\/fr\/machinerie\/elevateurs-a-godets\/'>Voir<\/a><\/div><\/div>[\/vc_column][vc_column width=\u00a0\u00bb1\/3&Prime;]<div class='featured featured-has-link featured-has-icon simple-style'><div class='featured-header'><a target='_self' href='\/fr\/machinerie\/grenailleuse\/'><img alt='Granilleuse' src='https:\/\/www.omp-pignotti.com\/wp-content\/uploads\/2017\/09\/05-Granigliatrice1-1-659x368.jpg'\/><\/a><\/div><div class='featured-content'><h3 class='featured-title text-uppercase'><a target='_self' href='\/fr\/machinerie\/grenailleuse\/'><i class='fa fa-industry'><\/i>Granilleuse<\/a><\/h3><a class='btn btn-md btn-minimal' target='_self' href='\/fr\/machinerie\/grenailleuse\/'>Voir<\/a><\/div><\/div>[\/vc_column][vc_column width=\u00a0\u00bb1\/3&Prime;]<div class='featured featured-has-link featured-has-icon simple-style'><div class='featured-header'><a target='_self' href='\/fr\/machinerie\/melangeur-planetaire\/'><img alt='M\u00e9langeur plan\u00e9taire' src='https:\/\/www.omp-pignotti.com\/wp-content\/uploads\/2017\/09\/06-Mescolatore-planetario1-1-659x368.jpg'\/><\/a><\/div><div class='featured-content'><h3 class='featured-title text-uppercase'><a target='_self' href='\/fr\/machinerie\/melangeur-planetaire\/'><i class='fa fa-industry'><\/i>M\u00e9langeur plan\u00e9taire<\/a><\/h3><a class='btn btn-md btn-minimal' target='_self' href='\/fr\/machinerie\/melangeur-planetaire\/'>Voir<\/a><\/div><\/div>[\/vc_column][\/vc_row][vc_row][vc_column][vc_empty_space height=\u00a0\u00bb40px\u00a0\u00bb][\/vc_column][\/vc_row][vc_row][vc_column width=\u00a0\u00bb1\/3&Prime;]<div class='featured featured-has-link featured-has-icon simple-style'><div class='featured-header'><a target='_self' href='\/fr\/machinerie\/dispositif-de-prelevament-dechargement-automatique\/'><img alt='Dispositif de prelevament-dechargement automatique' src='https:\/\/www.omp-pignotti.com\/wp-content\/uploads\/2017\/09\/07-Prelevatore-Principale-659x368.jpg'\/><\/a><\/div><div class='featured-content'><h3 class='featured-title text-uppercase'><a target='_self' href='\/fr\/machinerie\/dispositif-de-prelevament-dechargement-automatique\/'><i class='fa fa-industry'><\/i>Dispositif de prelevament-dechargement automatique<\/a><\/h3><a class='btn btn-md btn-minimal' target='_self' href='\/fr\/machinerie\/dispositif-de-prelevament-dechargement-automatique\/'>Voir<\/a><\/div><\/div>[\/vc_column][vc_column width=\u00a0\u00bb1\/3&Prime;]<div class='featured featured-has-link featured-has-icon simple-style'><div class='featured-header'><a target='_self' href='\/fr\/machinerie\/presse-hydraulique\/'><img alt='Presse hydraulique' src='https:\/\/www.omp-pignotti.com\/wp-content\/uploads\/2017\/09\/08-PRESSE-1024x584-1-659x368.jpg'\/><\/a><\/div><div class='featured-content'><h3 class='featured-title text-uppercase'><a target='_self' href='\/fr\/machinerie\/presse-hydraulique\/'><i class='fa fa-industry'><\/i>Presse hydraulique<\/a><\/h3><a class='btn btn-md btn-minimal' target='_self' href='\/fr\/machinerie\/presse-hydraulique\/'>Voir<\/a><\/div><\/div>[\/vc_column][vc_column width=\u00a0\u00bb1\/3&Prime;]<div class='featured featured-has-link featured-has-icon simple-style'><div class='featured-header'><a target='_self' href='\/fr\/machinerie\/brosseuse\/'><img alt='Brosseuse' src='https:\/\/www.omp-pignotti.com\/wp-content\/uploads\/2017\/09\/09-spazzolatrice1-1-659x368.jpg'\/><\/a><\/div><div class='featured-content'><h3 class='featured-title text-uppercase'><a target='_self' href='\/fr\/machinerie\/brosseuse\/'><i class='fa fa-industry'><\/i>Brosseuse<\/a><\/h3><a class='btn btn-md btn-minimal' target='_self' href='\/fr\/machinerie\/brosseuse\/'>Voir<\/a><\/div><\/div>[\/vc_column][\/vc_row][vc_row][vc_column][vc_empty_space height=\u00a0\u00bb40px\u00a0\u00bb][\/vc_column][\/vc_row][vc_row][vc_column width=\u00a0\u00bb1\/3&Prime;]<div class='featured featured-has-link featured-has-icon simple-style'><div class='featured-header'><a target='_self' href='\/fr\/machinerie\/doseur-hydraulique\/'><img alt='Doseur hydraulique' src='https:\/\/www.omp-pignotti.com\/wp-content\/uploads\/2017\/09\/10-Hydraulic-doser-1-659x368.jpg'\/><\/a><\/div><div class='featured-content'><h3 class='featured-title text-uppercase'><a target='_self' href='\/fr\/machinerie\/doseur-hydraulique\/'><i class='fa fa-industry'><\/i>Doseur hydraulique<\/a><\/h3><a class='btn btn-md btn-minimal' target='_self' href='\/fr\/machinerie\/doseur-hydraulique\/'>Voir<\/a><\/div><\/div>[\/vc_column][vc_column width=\u00a0\u00bb1\/3&Prime;]<div class='featured featured-has-link featured-has-icon simple-style'><div class='featured-header'><a target='_self' href='\/fr\/machinerie\/transporteurs-a-bande\/'><img alt='Transporteurs \u00e0 bande' src='https:\/\/www.omp-pignotti.com\/wp-content\/uploads\/2017\/09\/11-Nastro-Trasportatore-1-659x368.jpg'\/><\/a><\/div><div class='featured-content'><h3 class='featured-title text-uppercase'><a target='_self' href='\/fr\/machinerie\/transporteurs-a-bande\/'><i class='fa fa-industry'><\/i>Transporteurs \u00e0 bande<\/a><\/h3><a class='btn btn-md btn-minimal' target='_self' href='\/fr\/machinerie\/transporteurs-a-bande\/'>Voir<\/a><\/div><\/div>[\/vc_column][vc_column width=\u00a0\u00bb1\/3&Prime;]<div class='featured featured-has-link featured-has-icon simple-style'><div class='featured-header'><a target='_self' href='\/fr\/machinerie\/tremie-creve-sacs-capacite-30-sacs\/'><img alt='Tr\u00e9mie creve sacs' src='https:\/\/www.omp-pignotti.com\/wp-content\/uploads\/2017\/09\/12-tramoggia-rompisacco-1-659x368.jpg'\/><\/a><\/div><div class='featured-content'><h3 class='featured-title text-uppercase'><a target='_self' href='\/fr\/machinerie\/tremie-creve-sacs-capacite-30-sacs\/'><i class='fa fa-industry'><\/i>Tr\u00e9mie creve sacs<\/a><\/h3><a class='btn btn-md btn-minimal' target='_self' href='\/fr\/machinerie\/tremie-creve-sacs-capacite-30-sacs\/'>Voir<\/a><\/div><\/div>[\/vc_column][\/vc_row][vc_row][vc_column][vc_empty_space height=\u00a0\u00bb40px\u00a0\u00bb][\/vc_column][\/vc_row][vc_row full_width=\u00a0\u00bbstretch_row\u00a0\u00bb el_class=\u00a0\u00bbno-bottom-padding-row\u00a0\u00bb css=\u00a0\u00bb.vc_custom_1465980079329{background-color: #fc9732 !important;}\u00a0\u00bb][vc_column css=\u00a0\u00bb.vc_custom_1453297044468{padding-top: 0px !important;}\u00a0\u00bb]<div class=\"download\"><div class='download-content text-uppercase' style='color: #ffffff'><i class='fa fa fa-file-pdf-o'><\/i> T\u00e9l\u00e9charger le catalogue<\/div><a target='_self' href='\/wp-content\/uploads\/2017\/11\/OMP-GENERALE-2013.pdf' class='btn btn-md btn-dark btn-shadow'><i class='fa fa fa-cloud-download'><\/i> T\u00e9l\u00e9charger<\/a><\/div>[\/vc_column][\/vc_row]<\/p>\n<\/div>","protected":false},"excerpt":{"rendered":"<p>[vc_row][vc_column][vc_custom_heading text=\u00a0\u00bb\u00c9quipement pour la production de carreaux\u00a0\u00bb use_theme_fonts=\u00a0\u00bbyes\u00a0\u00bb el_class=\u00a0\u00bbtitle\u00a0\u00bb][vc_empty_space height=\u00a0\u00bb15px\u00a0\u00bb][vc_column_text]La Societ\u00e8 OMP s\u2019occupe de la production des\u00a0\u00e9quipements et accessoires pour la production des carreaux en gravie-ciment, ainsi que de carreaux coul\u00e9s et carreaux vibr\u00e9s. En plus nous traitons aussi presses, &hellip;<\/p>\n","protected":false},"author":1,"featured_media":0,"parent":2434,"menu_order":0,"comment_status":"closed","ping_status":"closed","template":"","meta":{"footnotes":""},"class_list":["post-2440","page","type-page","status-publish","hentry"],"_links":{"self":[{"href":"https:\/\/www.omp-pignotti.com\/fr\/wp-json\/wp\/v2\/pages\/2440","targetHints":{"allow":["GET"]}}],"collection":[{"href":"https:\/\/www.omp-pignotti.com\/fr\/wp-json\/wp\/v2\/pages"}],"about":[{"href":"https:\/\/www.omp-pignotti.com\/fr\/wp-json\/wp\/v2\/types\/page"}],"author":[{"embeddable":true,"href":"https:\/\/www.omp-pignotti.com\/fr\/wp-json\/wp\/v2\/users\/1"}],"replies":[{"embeddable":true,"href":"https:\/\/www.omp-pignotti.com\/fr\/wp-json\/wp\/v2\/comments?post=2440"}],"version-history":[{"count":15,"href":"https:\/\/www.omp-pignotti.com\/fr\/wp-json\/wp\/v2\/pages\/2440\/revisions"}],"predecessor-version":[{"id":4094,"href":"https:\/\/www.omp-pignotti.com\/fr\/wp-json\/wp\/v2\/pages\/2440\/revisions\/4094"}],"up":[{"embeddable":true,"href":"https:\/\/www.omp-pignotti.com\/fr\/wp-json\/wp\/v2\/pages\/2434"}],"wp:attachment":[{"href":"https:\/\/www.omp-pignotti.com\/fr\/wp-json\/wp\/v2\/media?parent=2440"}],"curies":[{"name":"wp","href":"https:\/\/api.w.org\/{rel}","templated":true}]}}