{"id":2597,"date":"2016-01-19T16:40:09","date_gmt":"2016-01-19T16:40:09","guid":{"rendered":"https:\/\/www.omp-pignotti.com\/contatti\/"},"modified":"2023-07-04T11:44:10","modified_gmt":"2023-07-04T09:44:10","slug":"contacts","status":"publish","type":"page","link":"https:\/\/www.omp-pignotti.com\/fr\/contacts\/","title":{"rendered":"Contacts"},"content":{"rendered":"<div class=\"wpb-content-wrapper\"><p>[vc_row][vc_column][vc_custom_heading text=\u00a0\u00bbContactez-nous maintenant\u00a0\u00bb use_theme_fonts=\u00a0\u00bbyes\u00a0\u00bb el_class=\u00a0\u00bbtitle\u00a0\u00bb][vc_empty_space height=\u00a0\u00bb15&Prime;][vc_column_text]O.M.P. Pignotti est bas\u00e9 en Italie, dans la province de Florence, mais avec son vaste r\u00e9seau d&rsquo;agents, il peut couvrir plusieurs pays \u00e0 travers le monde.[\/vc_column_text][\/vc_column][\/vc_row][vc_row css=\u00a0\u00bb.vc_custom_1508503875551{margin-bottom: 40px !important;}\u00a0\u00bb][vc_column width=\u00a0\u00bb2\/3&Prime;]<div data-styles='[{\"featureType\":\"landscape\",\"stylers\":[{\"saturation\":-100},{\"lightness\":65},{\"visibility\":\"on\"}]},{\"featureType\":\"poi\",\"stylers\":[{\"saturation\":-100},{\"lightness\":51},{\"visibility\":\"simplified\"}]},{\"featureType\":\"road.highway\",\"stylers\":[{\"saturation\":-100},{\"visibility\":\"simplified\"}]},{\"featureType\":\"road.arterial\",\"stylers\":[{\"saturation\":-100},{\"lightness\":30},{\"visibility\":\"on\"}]},{\"featureType\":\"road.local\",\"stylers\":[{\"saturation\":-100},{\"lightness\":40},{\"visibility\":\"on\"}]},{\"featureType\":\"transit\",\"stylers\":[{\"saturation\":-100},{\"visibility\":\"simplified\"}]},{\"featureType\":\"administrative.province\",\"stylers\":[{\"visibility\":\"off\"}]},{\"featureType\":\"water\",\"elementType\":\"labels\",\"stylers\":[{\"visibility\":\"on\"},{\"lightness\":-25},{\"saturation\":-100}]},{\"featureType\":\"water\",\"elementType\":\"geometry\",\"stylers\":[{\"hue\":\"#ffff00\"},{\"lightness\":-25},{\"saturation\":-97}]}]' class='map' id='map1' style='height: 500px;' data-type='ROADMAP' data-zoom='2' data-scroll='true' data-markers='{ \"address\": \"O.M.P. Pignotti\",  \"center\": \"true\", \"data\": \"<\/p><h4><strong>Sede Centrale<\/strong><\/h4><p>Via Provinciale Aretina n\u00b0 1\/A<br \/>50067 Troghi Rignano sull&rsquo;Arno (FI)\", \"options\": { \"icon\": \"https:\/\/www.omp-pignotti.com\/wp-content\/uploads\/2016\/01\/logo-omp-mappa.png\" } }|{ \"address\": \"Polonia\",  \"center\": \"\", \"data\": \"Agente Polonia\", \"options\": { \"icon\": \"https:\/\/www.omp-pignotti.com\/wp-content\/uploads\/2016\/01\/OMP-Small.png\" } }|{ \"address\": \"Algeria\",  \"center\": \"\", \"data\": \"Agente Algeria\", \"options\": { \"icon\": \"https:\/\/www.omp-pignotti.com\/wp-content\/uploads\/2016\/01\/OMP-Small.png\" } }|{ \"address\": \"Canada\",  \"center\": \"\", \"data\": \"Agente Canada\", \"options\": { \"icon\": \"https:\/\/www.omp-pignotti.com\/wp-content\/uploads\/2016\/01\/OMP-Small.png\" } }|{ \"address\": \"Brasile\",  \"center\": \"\", \"data\": \"Agente Brasile\", \"options\": { \"icon\": \"https:\/\/www.omp-pignotti.com\/wp-content\/uploads\/2016\/01\/OMP-Small.png\" } }|{ \"address\": \"India\",  \"center\": \"\", \"data\": \"Agente India\", \"options\": { \"icon\": \"https:\/\/www.omp-pignotti.com\/wp-content\/uploads\/2016\/01\/OMP-Small.png\" } }|{ \"address\": \"Oman\",  \"center\": \"\", \"data\": \"Agente Oman\", \"options\": { \"icon\": \"https:\/\/www.omp-pignotti.com\/wp-content\/uploads\/2016\/01\/OMP-Small.png\" } }|{ \"address\": \"Germania\",  \"center\": \"\", \"data\": \"Agente Germania\", \"options\": { \"icon\": \"https:\/\/www.omp-pignotti.com\/wp-content\/uploads\/2016\/01\/OMP-Small.png\" } }|{ \"address\": \"Regno unito\",  \"center\": \"\", \"data\": \"Agente Regno Unito\", \"options\": { \"icon\": \"https:\/\/www.omp-pignotti.com\/wp-content\/uploads\/2016\/01\/OMP-Small.png\" } }|{ \"address\": \"Irlanda\",  \"center\": \"\", \"data\": \"Agente Irlanda\", \"options\": { \"icon\": \"https:\/\/www.omp-pignotti.com\/wp-content\/uploads\/2016\/01\/OMP-Small.png\" } }|'><\/div>[\/vc_column][vc_column width=\u00a0\u00bb1\/3&Prime;]\n<div class=\"wpcf7 no-js\" id=\"wpcf7-f2177-o1\" lang=\"it-IT\" dir=\"ltr\" data-wpcf7-id=\"2177\">\n<div class=\"screen-reader-response\"><p role=\"status\" aria-live=\"polite\" aria-atomic=\"true\"><\/p> <ul><\/ul><\/div>\n<form action=\"\/fr\/wp-json\/wp\/v2\/pages\/2597#wpcf7-f2177-o1\" method=\"post\" class=\"wpcf7-form init\" aria-label=\"Modulo di contatto\" novalidate=\"novalidate\" data-status=\"init\">\n<fieldset class=\"hidden-fields-container\"><input type=\"hidden\" name=\"_wpcf7\" value=\"2177\" \/><input type=\"hidden\" name=\"_wpcf7_version\" value=\"6.1.5\" \/><input type=\"hidden\" name=\"_wpcf7_locale\" value=\"it_IT\" \/><input type=\"hidden\" name=\"_wpcf7_unit_tag\" value=\"wpcf7-f2177-o1\" \/><input type=\"hidden\" name=\"_wpcf7_container_post\" value=\"0\" \/><input type=\"hidden\" name=\"_wpcf7_posted_data_hash\" value=\"\" \/>\n<\/fieldset>\n<p><span class=\"wpcf7-form-control-wrap\" data-name=\"Nomeecognome\"><input size=\"40\" maxlength=\"400\" class=\"wpcf7-form-control wpcf7-text wpcf7-validates-as-required\" aria-required=\"true\" aria-invalid=\"false\" placeholder=\"Nome e Cognome\" value=\"\" type=\"text\" name=\"Nomeecognome\" \/><\/span>\n<\/p>\n<p><span class=\"wpcf7-form-control-wrap\" data-name=\"your-email\"><input size=\"40\" maxlength=\"400\" class=\"wpcf7-form-control wpcf7-email wpcf7-validates-as-required wpcf7-text wpcf7-validates-as-email\" aria-required=\"true\" aria-invalid=\"false\" placeholder=\"Indirizzo email\" value=\"\" type=\"email\" name=\"your-email\" \/><\/span>\n<\/p>\n<p><span class=\"wpcf7-form-control-wrap\" data-name=\"Area\"><select class=\"wpcf7-form-control wpcf7-select\" aria-invalid=\"false\" name=\"Area\"><option value=\"Indica l&#039;agente pi\u00f9 vicino\">Indica l&#039;agente pi\u00f9 vicino<\/option><option value=\"Algeria\">Algeria<\/option><option value=\"Brasile\">Brasile<\/option><option value=\"Canada\">Canada<\/option><option value=\"Germania\">Germania<\/option><option value=\"India\">India<\/option><option value=\"Irlanda\">Irlanda<\/option><option value=\"Italia\">Italia<\/option><option value=\"Oman\">Oman<\/option><option value=\"Polonia\">Polonia<\/option><option value=\"Regno Unito\">Regno Unito<\/option><option value=\"Altro...\">Altro...<\/option><\/select><\/span>\n<\/p>\n<p><span class=\"wpcf7-form-control-wrap\" data-name=\"Richiesta\"><textarea cols=\"40\" rows=\"10\" maxlength=\"2000\" class=\"wpcf7-form-control wpcf7-textarea\" aria-invalid=\"false\" name=\"Richiesta\">Inserisci la tua richiesta<\/textarea><\/span>\n<\/p>\n<p><span class=\"wpcf7-form-control-wrap\" data-name=\"informativa\"><span class=\"wpcf7-form-control wpcf7-checkbox wpcf7-validates-as-required\"><span class=\"wpcf7-list-item first last\"><label><input type=\"checkbox\" name=\"informativa[]\" value=\"Accetto\" \/><span class=\"wpcf7-list-item-label\">Accetto<\/span><\/label><\/span><\/span><\/span> l'informativa sulla privacy (<a href=\"\/privacy-cookie\/\" target=\"_blank\">leggi<\/a>)\n<\/p>\n<p><input class=\"wpcf7-form-control wpcf7-submit has-spinner btn\" type=\"submit\" value=\"Invia richiesta\" \/>\n<\/p><div class=\"wpcf7-response-output\" aria-hidden=\"true\"><\/div>\n<\/form>\n<\/div>\n[\/vc_column][\/vc_row][vc_row css=\u00a0\u00bb.vc_custom_1508503875551{margin-bottom: 40px !important;}\u00a0\u00bb][vc_column width=\u00a0\u00bb1\/3&Prime;]<table class='info-table'><\/tbody><tr class='info-table-row'><th class='info-table-icon'><i class='fa fa fa-long-arrow-right'><\/i><\/th><td class='info-table-content'>O.M.P. Officina Meccanica Pignotti srl<\/td><\/tr><tr class='info-table-row'><th class='info-table-icon'><i class='fa '><\/i><\/th><td class='info-table-content'>Via Fiorentina, 214<br \/>\n50067 Loc. Le Valli \u2013 Rignano sull\u2019Arno<\/td><\/tr><\/table><\/tbody>[\/vc_column][vc_column width=\u00a0\u00bb1\/3&Prime;]<table class='info-table'><\/tbody><tr class='info-table-row'><th class='info-table-icon'><i class='fa fa fa-phone'><\/i><\/th><td class='info-table-content'><strong><a href='tel:+39055 8307340'>+39 (0)55 8307340<\/a><\/strong><\/td><\/tr><tr class='info-table-row'><th class='info-table-icon'><i class='fa fa fa-fax'><\/i><\/th><td class='info-table-content'><strong><a href='tel:+39055 8307341'>+39 (0)55 8307341<\/a><\/strong><\/td><\/tr><\/table><\/tbody>[\/vc_column][vc_column width=\u00a0\u00bb1\/3&Prime;]<table class='info-table'><\/tbody><tr class='info-table-row'><th class='info-table-icon'><i class='fa fa fa-envelope'><\/i><\/th><td class='info-table-content'><strong><a href='mailto:info@omp-pignotti.it'>info@omp-pignotti.it<\/a><\/strong><\/td><\/tr><tr class='info-table-row'><th class='info-table-icon'><i class='fa fa fa-globe'><\/i><\/th><td class='info-table-content'><strong><a href='https:\/\/www.omp-pignotti.it'>www.omp-pignotti.it<\/a><\/strong><\/td><\/tr><\/table><\/tbody>[\/vc_column][\/vc_row][vc_row full_width=\u00a0\u00bbstretch_row\u00a0\u00bb el_class=\u00a0\u00bbno-bottom-padding-row\u00a0\u00bb css=\u00a0\u00bb.vc_custom_1465980079329{background-color: #fc9732 !important;}\u00a0\u00bb][vc_column css=\u00a0\u00bb.vc_custom_1453297044468{padding-top: 0px !important;}\u00a0\u00bb]<div class=\"download\"><div class='download-content text-uppercase' style='color: #ffffff'><i class='fa fa fa-file-pdf-o'><\/i> T\u00c9L\u00c9CHARGER LE NOUVEAU CATALOGUE DES PRODUITS<\/div><a target='_self' href='\/wp-content\/uploads\/2017\/11\/OMP-Pignotti-2017-WEB.pdf' class='btn btn-md btn-dark btn-shadow'><i class='fa fa fa-cloud-download'><\/i> T\u00e9l\u00e9charger<\/a><\/div>[\/vc_column][\/vc_row]<\/p>\n<\/div>","protected":false},"excerpt":{"rendered":"<p>[vc_row][vc_column][vc_custom_heading text=\u00a0\u00bbContactez-nous maintenant\u00a0\u00bb use_theme_fonts=\u00a0\u00bbyes\u00a0\u00bb el_class=\u00a0\u00bbtitle\u00a0\u00bb][vc_empty_space height=\u00a0\u00bb15&Prime;][vc_column_text]O.M.P. Pignotti est bas\u00e9 en Italie, dans la province de Florence, mais avec son vaste r\u00e9seau d&rsquo;agents, il peut couvrir plusieurs pays \u00e0 travers le monde.[\/vc_column_text][\/vc_column][\/vc_row][vc_row css=\u00a0\u00bb.vc_custom_1508503875551{margin-bottom: 40px !important;}\u00a0\u00bb][vc_column width=\u00a0\u00bb2\/3&Prime;][\/vc_column][vc_column width=\u00a0\u00bb1\/3&Prime;][\/vc_column][\/vc_row][vc_row css=\u00a0\u00bb.vc_custom_1508503875551{margin-bottom: 40px !important;}\u00a0\u00bb][vc_column width=\u00a0\u00bb1\/3&Prime;][\/vc_column][vc_column &hellip;<\/p>\n","protected":false},"author":2,"featured_media":0,"parent":0,"menu_order":0,"comment_status":"closed","ping_status":"closed","template":"","meta":{"footnotes":""},"class_list":["post-2597","page","type-page","status-publish","hentry"],"_links":{"self":[{"href":"https:\/\/www.omp-pignotti.com\/fr\/wp-json\/wp\/v2\/pages\/2597","targetHints":{"allow":["GET"]}}],"collection":[{"href":"https:\/\/www.omp-pignotti.com\/fr\/wp-json\/wp\/v2\/pages"}],"about":[{"href":"https:\/\/www.omp-pignotti.com\/fr\/wp-json\/wp\/v2\/types\/page"}],"author":[{"embeddable":true,"href":"https:\/\/www.omp-pignotti.com\/fr\/wp-json\/wp\/v2\/users\/2"}],"replies":[{"embeddable":true,"href":"https:\/\/www.omp-pignotti.com\/fr\/wp-json\/wp\/v2\/comments?post=2597"}],"version-history":[{"count":15,"href":"https:\/\/www.omp-pignotti.com\/fr\/wp-json\/wp\/v2\/pages\/2597\/revisions"}],"predecessor-version":[{"id":4631,"href":"https:\/\/www.omp-pignotti.com\/fr\/wp-json\/wp\/v2\/pages\/2597\/revisions\/4631"}],"wp:attachment":[{"href":"https:\/\/www.omp-pignotti.com\/fr\/wp-json\/wp\/v2\/media?parent=2597"}],"curies":[{"name":"wp","href":"https:\/\/api.w.org\/{rel}","templated":true}]}}