{"id":2600,"date":"2016-01-19T14:03:09","date_gmt":"2016-01-19T14:03:09","guid":{"rendered":"https:\/\/www.omp-pignotti.com\/officina-meccanica-pignotti\/"},"modified":"2017-11-29T10:25:00","modified_gmt":"2017-11-29T10:25:00","slug":"atelier-mecanique","status":"publish","type":"page","link":"https:\/\/www.omp-pignotti.com\/fr\/atelier-mecanique\/","title":{"rendered":"Societe\u2019"},"content":{"rendered":"<div class=\"wpb-content-wrapper\"><p>[vc_row css=\u00a0\u00bb.vc_custom_1460122496361{margin-bottom: 30px !important;}\u00a0\u00bb][vc_column width=\u00a0\u00bb1\/2&Prime;][vc_custom_heading text=\u00a0\u00bbO.M.P. OFFICINA MECCANICA PIGNOTTI\u00a0\u00bb use_theme_fonts=\u00a0\u00bbyes\u00a0\u00bb el_class=\u00a0\u00bbtitle\u00a0\u00bb][vc_empty_space height=\u00a0\u00bb20px\u00a0\u00bb][vc_column_text]Un \u00e9tablissement avec une surface couverte totale de plus de 1000 mq2 o\u00f9 il y a le si\u00e8ge de l\u2019atelier m\u00e9canique.<\/p>\n<p>Un atelier m\u00e9canique interne s\u2019occupe de la construction et assemblage des lignes de proc\u00e8s Equip\u00e9 avec \u00e9quipements pour chaque travail m\u00e9canique, sp\u00e9cialis\u00e9 dans le travail du fer et chaque d\u00e9riv\u00e9.<\/p>\n<p>Dans l\u2019atelier sont pr\u00e9sentes machines \u00e0 contr\u00f4le num\u00e9rique (CNC) et manuelle, comme tours, fraises, scies \u00e0 bande, et en plus un d\u00e9partement de soudage, avec des ouvriers qualifi\u00e9s et une zone pour la peinture.<\/p>\n<p>La mouvementassions interne des machines se d\u00e9roule en forme contr\u00f4l\u00e9 par notre personnel avec des grues \u00e0 pont. Chaque proc\u00e9dure de production vient directement contr\u00f4l\u00e9 par les propri\u00e9taires m\u00eames.<\/p>\n<p>Le bureau commercial avec des employ\u00e9es \u201cmultilingues\u201d avec une exp\u00e9rience pluriannuel et \u201cmultidisciplinaire\u201d en gr\u00e9 d\u2019accompagner le client \u00e0 partir des premi\u00e8res phases d\u2019\u00e9tude jusqu\u2019au d\u00e9veloppement du projet complet. Nos directeurs de Zone, sont toujours accompagn\u00e9s par des assistantes tr\u00e8s comp\u00e9tentes.<\/p>\n<p>Area achats, production et gestions commandes, qui s\u2019occupe du d\u00e9veloppement des commandes.<br \/>\nArea technique. Une \u00e9quipe de techniciens sp\u00e9cialis\u00e9s s\u2019occupe de l\u2019\u00e9tude des machines nouvelles et d\u2019ing\u00e9nierie. Nos concepteurs assurent le d\u00e9veloppement des plantes et suivent le contr\u00f4le de la r\u00e9alisation.<\/p>\n<p>Le bouche \u00e0 oreille est la n\u00f4tre meilleure publicit\u00e9. La satisfaction et l\u2019affabilit\u00e9 que trouvent nos clients, leur permet de partager l\u2019exp\u00e9rience de travailler avec nous. En effet nous sommes en train de nous sp\u00e9cialiser dans le travail tertiaire et le brokerage.[\/vc_column_text][\/vc_column][vc_column width=\u00a0\u00bb1\/2&Prime;][vc_single_image image=\u00a0\u00bb3726&Prime; img_size=\u00a0\u00bbfull\u00a0\u00bb][\/vc_column][\/vc_row][vc_row css=\u00a0\u00bb.vc_custom_1460122436961{margin-bottom: 50px !important;}\u00a0\u00bb][vc_column][vc_custom_heading text=\u00a0\u00bbHISTOIRE\u00a0\u00bb use_theme_fonts=\u00a0\u00bbyes\u00a0\u00bb el_class=\u00a0\u00bbtitle\u00a0\u00bb][vc_empty_space height=\u00a0\u00bb20px\u00a0\u00bb]<div class=\"timeline\"><div class=\"timeline-item\"><div class=\"timeline-year\">1965<\/div><div class=\"timeline-content\"><h3 class=\"timeline-title\">Les d\u00e9buts<\/h3><div class=\"timeline-text\">O.M.P. Officina Meccanica Pignotti S.R.L., fond\u00e9e en 1965 par M. Pignotti Giorgio, fondateur de O.M.P. Officina Meccanica Pignotti Giorgio, initialement d\u00e9di\u00e9 \u00e0 la cr\u00e9ation de machines et outils pour l&rsquo;agriculture, se sp\u00e9cialise ensuite dans la conception et la fabrication de syst\u00e8mes complets, semi-automatiques et automatiques li\u00e9s au domaine des carreaux de granit pour sols, produits en b\u00e9ton, sols industriels mat\u00e9riaux inertes, marbre et c\u00e9ramique.<\/div><\/div><\/div><div class=\"timeline-item\"><div class=\"timeline-year\">1978<\/div><div class=\"timeline-content\"><h3 class=\"timeline-title\">Premiers pas avec les pays \u00e9trangers<\/h3><div class=\"timeline-text\">La Soci\u00e9t\u00e9 commence \u00e0 participer aux plus importantes foires nationales du secteur et trouve imm\u00e9diatement un fort int\u00e9r\u00eat pour ses produits, commence \u00e0 faire les premiers pas avec le commerce ext\u00e9rieur de sa marque.<\/div><\/div><\/div><div class=\"timeline-item\"><div class=\"timeline-year\">2002<\/div><div class=\"timeline-content\"><h3 class=\"timeline-title\">Expansion mondiale<\/h3><div class=\"timeline-text\">Tr\u00e8s important l&rsquo;ann\u00e9e 2002 pour l&rsquo;entreprise qui voit le changement de propri\u00e9taire. M. Pignotti Giorgio, \u00e0 l&rsquo;\u00e2ge de la retraite, laisse les r\u00eanes \u00e0 ses enfants; Luigi, Lucia et Simone qui transforment la Soci\u00e9t\u00e9 en S.R.L. et commencer une collaboration \u00e9troite avec le repr\u00e9sentant M. Carlo Balleggi, qui conduit de fa\u00e7on exponentielle la Soci\u00e9t\u00e9 \u00e0 une augmentation des ventes \u00e0 l&rsquo;\u00e9tranger.<\/div><\/div><\/div><div class=\"timeline-item\"><div class=\"timeline-year\">2006<\/div><div class=\"timeline-content\"><h3 class=\"timeline-title\">Confirmation d'une marque<\/h3><div class=\"timeline-text\">En 2006, ils exportent leurs produits vers l&rsquo;Europe, les \u00c9tats-Unis, l&rsquo;Afrique du Nord et le Moyen-Orient o\u00f9 ils se sp\u00e9cialisent dans la production d&rsquo;une usine compl\u00e8te de traitement des eaux (station de traitement des boues avec filtre presse) et dans l&rsquo;industrie o\u00f9 ils sont maintenant connus, celle des carreaux dans l&rsquo;industrie du marbre, du granit et de l&rsquo;inerte.<\/div><\/div><\/div><div class=\"timeline-item\"><div class=\"timeline-year\">2015<\/div><div class=\"timeline-content\"><h3 class=\"timeline-title\">50 Ans<\/h3><div class=\"timeline-text\">Avec cette opportunit\u00e9, l&rsquo;entreprise d\u00e9cide d&rsquo;investir dans l&rsquo;expansion et la modernisation des bureaux en cr\u00e9ant une chauss\u00e9e faite avec des machines propri\u00e9taires et de montrer la qualit\u00e9 du produit final \u00e0 tous les visiteurs.<\/div><\/div><\/div><div class=\"timeline-item\"><div class=\"timeline-year\"><\/div><div class=\"timeline-content\"><h3 class=\"timeline-title\">Aujourd'hui<\/h3><div class=\"timeline-text\">Comme O.M.P. a augment\u00e9 son personnel pour assurer la satisfaction totale du client, surtout en fournissant des services avant-vente, apr\u00e8s-vente et de collaboration pour identifier avec pr\u00e9cision les besoins r\u00e9els du client.<br \/>\nLa grande exp\u00e9rience des propri\u00e9taires sur le terrain et leur pr\u00e9sence constante dans l&rsquo;usine sont la garantie d&rsquo;avoir les meilleurs interlocuteurs techniques et commerciaux. En outre, l&rsquo;entreprise dispose d&rsquo;un personnel interne et de techniciens qualifi\u00e9s et a fourni au fil des ann\u00e9es syst\u00e8mes de contr\u00f4le de production.<\/div><\/div><\/div><\/div>[\/vc_column][\/vc_row][vc_row full_width=\u00a0\u00bbstretch_row\u00a0\u00bb el_class=\u00a0\u00bbno-bottom-padding-row\u00a0\u00bb css=\u00a0\u00bb.vc_custom_1465980079329{background-color: #fc9732 !important;}\u00a0\u00bb][vc_column css=\u00a0\u00bb.vc_custom_1453297044468{padding-top: 0px !important;}\u00a0\u00bb]<div class=\"download\"><div class='download-content text-uppercase' style='color: #ffffff'><i class='fa fa fa-file-pdf-o'><\/i> T\u00e9l\u00e9charger le catalogue<\/div><a target='_self' href='\/wp-content\/uploads\/2017\/11\/OMP-GENERALE-2013.pdf' class='btn btn-md btn-dark btn-shadow'><i class='fa fa fa-cloud-download'><\/i> T\u00e9l\u00e9charger<\/a><\/div>[\/vc_column][\/vc_row]<\/p>\n<\/div>","protected":false},"excerpt":{"rendered":"<p>[vc_row css=\u00a0\u00bb.vc_custom_1460122496361{margin-bottom: 30px !important;}\u00a0\u00bb][vc_column width=\u00a0\u00bb1\/2&Prime;][vc_custom_heading text=\u00a0\u00bbO.M.P. OFFICINA MECCANICA PIGNOTTI\u00a0\u00bb use_theme_fonts=\u00a0\u00bbyes\u00a0\u00bb el_class=\u00a0\u00bbtitle\u00a0\u00bb][vc_empty_space height=\u00a0\u00bb20px\u00a0\u00bb][vc_column_text]Un \u00e9tablissement avec une surface couverte totale de plus de 1000 mq2 o\u00f9 il y a le si\u00e8ge de l\u2019atelier m\u00e9canique. Un atelier m\u00e9canique interne s\u2019occupe de la construction &hellip;<\/p>\n","protected":false},"author":2,"featured_media":0,"parent":0,"menu_order":0,"comment_status":"closed","ping_status":"closed","template":"","meta":{"footnotes":""},"class_list":["post-2600","page","type-page","status-publish","hentry"],"_links":{"self":[{"href":"https:\/\/www.omp-pignotti.com\/fr\/wp-json\/wp\/v2\/pages\/2600","targetHints":{"allow":["GET"]}}],"collection":[{"href":"https:\/\/www.omp-pignotti.com\/fr\/wp-json\/wp\/v2\/pages"}],"about":[{"href":"https:\/\/www.omp-pignotti.com\/fr\/wp-json\/wp\/v2\/types\/page"}],"author":[{"embeddable":true,"href":"https:\/\/www.omp-pignotti.com\/fr\/wp-json\/wp\/v2\/users\/2"}],"replies":[{"embeddable":true,"href":"https:\/\/www.omp-pignotti.com\/fr\/wp-json\/wp\/v2\/comments?post=2600"}],"version-history":[{"count":7,"href":"https:\/\/www.omp-pignotti.com\/fr\/wp-json\/wp\/v2\/pages\/2600\/revisions"}],"predecessor-version":[{"id":4062,"href":"https:\/\/www.omp-pignotti.com\/fr\/wp-json\/wp\/v2\/pages\/2600\/revisions\/4062"}],"wp:attachment":[{"href":"https:\/\/www.omp-pignotti.com\/fr\/wp-json\/wp\/v2\/media?parent=2600"}],"curies":[{"name":"wp","href":"https:\/\/api.w.org\/{rel}","templated":true}]}}