{"id":3889,"date":"2017-11-16T15:47:12","date_gmt":"2017-11-16T15:47:12","guid":{"rendered":"https:\/\/www.omp-pignotti.com\/privacy-cookie\/"},"modified":"2017-11-16T15:53:31","modified_gmt":"2017-11-16T15:53:31","slug":"privacy-cookie","status":"publish","type":"page","link":"https:\/\/www.omp-pignotti.com\/fr\/privacy-cookie\/","title":{"rendered":"Privacy &#038; Cookie"},"content":{"rendered":"<h2>Politique de confidentialit\u00e9<\/h2>\n<p><strong>1. Avant-propos<\/strong><br \/>\nConform\u00e9ment \u00e0 l&rsquo;article. 13 du d\u00e9cret-loi. N. 196\/2003 &#8211; \u00ab\u00a0Code en mati\u00e8re de protection des donn\u00e9es personnelles\u00a0\u00bb (ci-apr\u00e8s le \u00abCode\u00bb), OFFICINA MECCANICA PIGNOTTI S.r.l, comme \u00abpropri\u00e9taire\u00bb du traitement, il est n\u00e9cessaire de fournir des informations sur l&rsquo;utilisation de son donn\u00e9es personnelles.<br \/>\n<strong>2. Source des donn\u00e9es personnelles<\/strong><br \/>\nLa collecte de donn\u00e9es personnelles en enregistrant les donn\u00e9es fournies par vous, comme l&rsquo;int\u00e9ress\u00e9, lors de l&rsquo;envoi d&rsquo;un message via le formulaire de contact.<br \/>\n<strong>3. Buts de traitement<\/strong><br \/>\nLes donn\u00e9es personnelles sont trait\u00e9es \u00e0 des fins strictement li\u00e9es all&rsquo;espletazione le service demand\u00e9, comme, par exemple, la r\u00e9ponse aux questions demand\u00e9es par le formulaire.<br \/>\n<strong>4. M\u00e9thodes de traitement des donn\u00e9es<\/strong><br \/>\nEn ce qui concerne les objectifs d\u00e9crits, le traitement des donn\u00e9es personnelles sont trait\u00e9es en utilisant manuelle, ordinateur et logique \u00e9lectronique strictement li\u00e9e \u00e0 ce qui pr\u00e9c\u00e8de et, en tout cas, pour assurer la s\u00e9curit\u00e9 et la confidentialit\u00e9 des donn\u00e9es.<br \/>\nSatisifed, les donn\u00e9es seront supprim\u00e9es ou transform\u00e9es en anonyme.<br \/>\n<strong>5. approvisionnement en option des donn\u00e9es<\/strong><br \/>\nLa fourniture des donn\u00e9es est facultative, mais si personne ne vous ne pouvez pas envoyer le message.<br \/>\n<strong>6. Cat\u00e9gories de personnes auxquelles les donn\u00e9es peuvent \u00eatre communiqu\u00e9es ou qui peuvent apprendre \u00e0 leur sujet tant que gestionnaires ou des agents<\/strong><br \/>\nVos informations personnelles ne seront vu par les administrateurs du site, identifi\u00e9s comme fiduciaires. Exclusivement aux fins \u00e9nonc\u00e9es au paragraphe 3 (But de traitement), ils peuvent prendre conscience des donn\u00e9es personnelles par les compagnies fournissant des services au site, apr\u00e8s la d\u00e9signation en tant que processeurs de donn\u00e9es et d&rsquo;assurer le m\u00eame niveau de protection.<br \/>\n<strong>7. Droits<\/strong><br \/>\nNous vous informons \u00e9galement que les r\u00e8gles relatives \u00e0 la protection des donn\u00e9es personnelles donne aux parties int\u00e9ress\u00e9es la possibilit\u00e9 d&rsquo;exercer certains droits, selon les dispositions de l&rsquo;art. 7 du \u00ab\u00a0Code\u00a0\u00bb et cit\u00e9 ci-dessous:<br \/>\n<strong>1.<\/strong>\u00a0Vous avez le droit d&rsquo;obtenir la confirmation de l&rsquo;existence de donn\u00e9es personnelles le concernant, m\u00eame si pas encore enregistr\u00e9es, et leur communication en forme intelligible.<br \/>\n<strong>2.<\/strong>\u00a0Vous avez le droit d&rsquo;obtenir des informations:<br \/>\na. origine des donn\u00e9es personnelles;<br \/>\nb. les buts et les m\u00e9thodes de traitement;<br \/>\nc. la logique appliqu\u00e9e en cas de traitement avec l&rsquo;aide de moyens \u00e9lectroniques;<br \/>\nd. l&rsquo;identit\u00e9 du propri\u00e9taire, gestionnaire et le repr\u00e9sentant nomm\u00e9 en vertu de l&rsquo;art. 5, paragraphe 2;<br \/>\ne. les sujets ou les cat\u00e9gories de personnes auxquelles les donn\u00e9es peuvent \u00eatre communiqu\u00e9es ou qui peuvent apprendre \u00e0 leur sujet tant que repr\u00e9sentant d\u00e9sign\u00e9 de l&rsquo;\u00c9tat, des dirigeants ou agents.<br \/>\n<strong>3.\u00a0<\/strong>Vous avez le droit de:<br \/>\na. mise \u00e0 jour, de rectification ou, si besoin, l&rsquo;int\u00e9gration des donn\u00e9es;<br \/>\nb. l&rsquo;annulation, l&rsquo;anonymisation ou le blocage des donn\u00e9es trait\u00e9es ill\u00e9galement, y compris les donn\u00e9es qui ne doivent pas \u00eatre conserv\u00e9es pour les fins pour lesquelles les donn\u00e9es ont \u00e9t\u00e9 collect\u00e9es ou trait\u00e9es;<br \/>\nc. l&rsquo;attestation que les op\u00e9rations dans les lettres a. et b. Ils ont \u00e9t\u00e9 port\u00e9es \u00e0 la connaissance, ainsi que leur contenu, de ceux \u00e0 qui les donn\u00e9es ont \u00e9t\u00e9 communiqu\u00e9es ou divulgu\u00e9es, sauf si cela se r\u00e9v\u00e8le impossible ou implique l&rsquo;utilisation de moyens disproportionn\u00e9s par rapport au droit prot\u00e9g\u00e9.<br \/>\n<strong>4.<\/strong>\u00a0Vous avez le droit de vous opposer, en tout ou en partie:<br \/>\na. pour des raisons l\u00e9gitimes, au traitement des donn\u00e9es personnelles, pertinentes aux fins de la collecte;<br \/>\nb. du traitement des donn\u00e9es \u00e0 caract\u00e8re personnel \u00e0 des fins d&rsquo;envoi de mat\u00e9riel publicitaire ou de vente directe ou pour la r\u00e9alisation d&rsquo;\u00e9tudes de march\u00e9 ou de communication commerciale.<br \/>\n<strong>8. propri\u00e9taire et le traitement<\/strong><br \/>\nLe propri\u00e9taire des donn\u00e9es personnelles vis\u00e9es dans le pr\u00e9sent document est OFFICINA MECCANICA PIGNOTTI S.r.l., situ\u00e9 dans la Via Provinciale Aretina 1 \/ A? Loc. VALLEES &#8211; 50067 Troghi Rignano sull&rsquo;Arno (FI).<br \/>\nLa m\u00eame chose est charg\u00e9 de v\u00e9rifier, en cas d&rsquo;exercice des droits d\u00e9crits ci-dessus.<br \/>\nAfin de simplifier la voie \u00e0 suivre et de r\u00e9duire le temps de r\u00e9action est encourag\u00e9 \u00e0 pr\u00e9senter des demandes, vis\u00e9e \u00e0 l&rsquo;alin\u00e9a pr\u00e9c\u00e9dent, dans OFFICINA MECCANICA PIGNOTTI S.r.l., en communiquant avec l&rsquo;adresse e-mail info@omp-pignotti.it.<\/p>\n<h2>UTILISATION DES COOKIES<\/h2>\n<p>Ce site utilise des cookies appel\u00e9s \u00ab\u00a0techniciens\u00a0\u00bb pour am\u00e9liorer l&rsquo;exp\u00e9rience de navigation. Si vous continuez \u00e0 utiliser ce site, nous supposons que vous acceptez de recevoir ces cookies. Sinon, vous pouvez modifier vos param\u00e8tres concernant les cookies \u00e0 tout moment. Les cookies sont utilis\u00e9s pour rendre plus efficace le fonctionnement des sites. Les cookies sont utilis\u00e9s pour am\u00e9liorer votre navigation et pour aider \u00e0 assurer que le contenu est pertinent.<\/p>\n<p><strong>Cookie g\u00e9n\u00e9ral du site<\/strong><br \/>\nCe site est construit sur une CMS, qui utilise une vari\u00e9t\u00e9 de cookie. Ces cookies ne collectent pas d&rsquo;informations personnelles. Ces cookies sont automatiquement ajout\u00e9s \u00e0 la plate-forme.<\/p>\n<p><strong>Cookie social Partager<\/strong><br \/>\nEn visitant vous pouvez recevoir des cookies sur le site est visit\u00e9 (\u00abpropri\u00e9taires\u00bb), \u00e0 la fois \u00e0 partir des sites web g\u00e9r\u00e9s par d&rsquo;autres organisations (\u00ab\u00a0tiers\u00a0\u00bb). Un exemple est la pr\u00e9sence de \u00ab\u00a0social plugin\u00a0\u00bb pour Facebook, Twitter, Google+ et LinkedIn. Il fait partie de la page visit\u00e9e directement g\u00e9n\u00e9r\u00e9e par ces sites et int\u00e9gr\u00e9s dans la page du site h\u00f4te. L&rsquo;utilisation la plus courante de social plugin est destin\u00e9 \u00e0 partager des contenus sur les r\u00e9seaux sociaux.<\/p>\n<p>La pr\u00e9sence de ces plugins implique la transmission de cookies en provenance et \u00e0 tous les sites exploit\u00e9s par des tiers. La gestion de l&rsquo;information recueillie par des \u00ab\u00a0tiers\u00a0\u00bb est r\u00e9gi par les informations pertinentes qui s&rsquo;il vous pla\u00eet se r\u00e9f\u00e9rer. Vous pouvez voir la r\u00e9glementation des sites individuels des tiers.<\/p>\n<p>Pour plus de transparence, sont rapport\u00e9s ci-dessous les adresses Web des informations diff\u00e9rentes et des proc\u00e9dures pour la gestion des cookies tiers sur le site<\/p>\n<p>Informations Facebook: https:\/\/www.facebook.com\/help\/cookies\/<br \/>\nFacebook (configuration): acc\u00e9der \u00e0 votre compte. Section vie priv\u00e9e<\/p>\n<p>Informations Twitter: https:\/\/support.twitter.com\/articles\/20170514<br \/>\nTwitter (configuration): https:\/\/twitter.com\/settings\/security<\/p>\n<p>Informations Linkedin: https:\/\/www.linkedin.com\/legal\/cookie-policy<br \/>\nLinkedin (configuration): https:\/\/www.linkedin.com\/settings\/<\/p>\n<p>Informations Google+: http:\/\/www.google.it\/intl\/it\/policies\/technologies\/cookies\/<br \/>\nGoogle+ (configuration): http:\/\/www.google.it\/intl\/it\/policies\/technologies\/managing\/<\/p>\n<p>&nbsp;<\/p>\n<p><strong>Cookies de Google Analytics<\/strong><br \/>\nCe site utilise Google Analytics, un service d&rsquo;analyse de site internet fourni par Google Inc. (\u00abGoogle\u00bb).<\/p>\n<p><strong>Cookie Google Maps<\/strong><br \/>\nSur ce site, nous avons utilis\u00e9 Google Maps pour indiquer la position exacte de notre emplacement sur une carte.<\/p>\n<p><strong>Cookies YouTube<\/strong><br \/>\nSur ce site ont \u00e9t\u00e9 incorpor\u00e9s des vid\u00e9os YouTube.<\/p>\n<p>Google Analytics, Google Maps et YouTube utilisent des \u00ab\u00a0cookies\u00a0\u00bb, qui sont des fichiers texte plac\u00e9s sur votre ordinateur pour aider le site internet \u00e0 analyser l&rsquo;utilisation du site.<\/p>\n<p>Les informations g\u00e9n\u00e9r\u00e9es par les cookies concernant votre utilisation du site par vous anonyme sera transmises et stock\u00e9es par Google sur des serveurs situ\u00e9s aux Etats-Unis.<\/p>\n<p>Google utilisera cette information dans le but d&rsquo;\u00e9valuer votre utilisation du site, de compiler des rapports sur l&rsquo;activit\u00e9 du site pour les op\u00e9rateurs de site Web et fournir d&rsquo;autres services relatifs \u00e0 l&rsquo;activit\u00e9 du site et \u00e0 l&rsquo;utilisation d&rsquo;Internet. Google peut \u00e9galement transf\u00e9rer ces informations \u00e0 des tiers sauf si requis par la loi ou lorsque ces tiers traitent ces donn\u00e9es pour le compte de Google.<\/p>\n<p>Google ne recoupera pas votre adresse IP avec toute autre donn\u00e9e d\u00e9tenue par Google. Vous pouvez refuser l&rsquo;utilisation de cookies en s\u00e9lectionnant les param\u00e8tres appropri\u00e9s de votre navigateur, mais cela peut vous emp\u00eacher d&rsquo;utiliser toutes les fonctionnalit\u00e9s de ce site.<\/p>\n<p>En utilisant ce site, vous consentez express\u00e9ment au traitement de vos donn\u00e9es nominatives par Google dans les conditions et pour les finalit\u00e9s d\u00e9crites ci-dessus<\/p>\n<p><strong>G\u00e9rer les cookies<\/strong><br \/>\nVous pouvez d\u00e9cider d&rsquo;accepter les cookies en utilisant aussi les param\u00e8tres de votre navigateur.<br \/>\nLa d\u00e9sactivation des cookies \u00ab\u00a0tierce partie\u00a0\u00bb ne pr\u00e9juge en aucune mani\u00e8re de la navigabilit\u00e9.<br \/>\nLe r\u00e9glage peut \u00eatre d\u00e9fini sp\u00e9cifiquement pour diff\u00e9rents sites Web et les applications Web. En outre, les meilleurs navigateurs vous permettent de d\u00e9finir des param\u00e8tres diff\u00e9rents pour les cookies\u00a0\u00abpropri\u00e9taires\u00bb et ceux de \u00abtierces parties\u00bb.<br \/>\nPar exemple, dans Firefox via le menu Outils-&gt; Options -&gt; Confidentialit\u00e9, vous pouvez acc\u00e9der \u00e0 un panneau de contr\u00f4le o\u00f9 vous pouvez sp\u00e9cifier si elle accepte ou non les diff\u00e9rents types de cookies et les supprimer.<br \/>\nChrome: https:\/\/support.google.com\/chrome\/answer\/95647?hl=it<br \/>\nFirefox: https:\/\/support.mozilla.org\/it\/kb\/Gestione%20dei%20cookie<br \/>\nInternet Explorer: http:\/\/windows.microsoft.com\/it-it\/windows7\/how-to-manage-cookies-in-internet-explorer-9<br \/>\nOpera: http:\/\/help.opera.com\/Windows\/10.00\/it\/cookies.html<br \/>\nSafari: http:\/\/support.apple.com\/kb\/HT1677?viewlocale=it_IT<\/p>\n","protected":false},"excerpt":{"rendered":"<p>Politique de confidentialit\u00e9 1. Avant-propos Conform\u00e9ment \u00e0 l&rsquo;article. 13 du d\u00e9cret-loi. N. 196\/2003 &#8211; \u00ab\u00a0Code en mati\u00e8re de protection des donn\u00e9es personnelles\u00a0\u00bb (ci-apr\u00e8s le \u00abCode\u00bb), OFFICINA MECCANICA PIGNOTTI S.r.l, comme \u00abpropri\u00e9taire\u00bb du traitement, il est n\u00e9cessaire de fournir des informations &hellip;<\/p>\n","protected":false},"author":1,"featured_media":0,"parent":0,"menu_order":0,"comment_status":"closed","ping_status":"closed","template":"","meta":{"footnotes":""},"class_list":["post-3889","page","type-page","status-publish","hentry"],"_links":{"self":[{"href":"https:\/\/www.omp-pignotti.com\/fr\/wp-json\/wp\/v2\/pages\/3889","targetHints":{"allow":["GET"]}}],"collection":[{"href":"https:\/\/www.omp-pignotti.com\/fr\/wp-json\/wp\/v2\/pages"}],"about":[{"href":"https:\/\/www.omp-pignotti.com\/fr\/wp-json\/wp\/v2\/types\/page"}],"author":[{"embeddable":true,"href":"https:\/\/www.omp-pignotti.com\/fr\/wp-json\/wp\/v2\/users\/1"}],"replies":[{"embeddable":true,"href":"https:\/\/www.omp-pignotti.com\/fr\/wp-json\/wp\/v2\/comments?post=3889"}],"version-history":[{"count":2,"href":"https:\/\/www.omp-pignotti.com\/fr\/wp-json\/wp\/v2\/pages\/3889\/revisions"}],"predecessor-version":[{"id":3890,"href":"https:\/\/www.omp-pignotti.com\/fr\/wp-json\/wp\/v2\/pages\/3889\/revisions\/3890"}],"wp:attachment":[{"href":"https:\/\/www.omp-pignotti.com\/fr\/wp-json\/wp\/v2\/media?parent=3889"}],"curies":[{"name":"wp","href":"https:\/\/api.w.org\/{rel}","templated":true}]}}